{"id":10264,"date":"2025-01-16T16:30:42","date_gmt":"2025-01-16T15:30:42","guid":{"rendered":"https:\/\/rri.umh.es\/?page_id=10264"},"modified":"2025-01-16T16:31:43","modified_gmt":"2025-01-16T15:31:43","slug":"divulgacion-formacion-2021","status":"publish","type":"page","link":"https:\/\/rri.umh.es\/ca\/acuerdo-transparencia-uso-animales-investigacion\/divulgacion-formacion-2021\/","title":{"rendered":"Borrador autom\u00e1tico"},"content":{"rendered":"<p>[et_pb_section fb_built=&#8221;1&#8243; fullwidth=&#8221;on&#8221; _builder_version=&#8221;4.16&#8243; global_colors_info=&#8221;{}&#8221;][et_pb_fullwidth_image src=&#8221;https:\/\/rri.umh.es\/files\/2024\/09\/BANNER-WEB-DE-TRANSPARENCIA-1024&#215;91-1.png&#8221; alt=&#8221;Banner&#8221; title_text=&#8221;BANNER-WEB-DE-TRANSPARENCIA-1024&#215;91&#8243; admin_label=&#8221;banner&#8221; _builder_version=&#8221;4.17.4&#8243; global_colors_info=&#8221;{}&#8221;][\/et_pb_fullwidth_image][\/et_pb_section][et_pb_section fb_built=&#8221;1&#8243; _builder_version=&#8221;4.16&#8243; global_colors_info=&#8221;{}&#8221;][et_pb_row column_structure=&#8221;3_4,1_4&#8243; _builder_version=&#8221;4.16&#8243; global_colors_info=&#8221;{}&#8221;][et_pb_column type=&#8221;3_4&#8243; _builder_version=&#8221;4.16&#8243; global_colors_info=&#8221;{}&#8221;][et_pb_text _builder_version=&#8221;4.17.4&#8243; _module_preset=&#8221;default&#8221; hover_enabled=&#8221;0&#8243; global_colors_info=&#8221;{}&#8221; sticky_enabled=&#8221;0&#8243;]<\/p>\n<h3><strong>Actividades de divulgaci\u00f3n, formaci\u00f3n y promoci\u00f3n de las 3R en 2021<\/strong><\/h3>\n<h4>\u00a0<\/h4>\n<h4><strong>Informe de transparencia:<\/strong><\/h4>\n<p><a href=\"https:\/\/oir.umh.es\/files\/2023\/11\/Uso-de-animales-con-fines-cientificos-en-la-UMH-en-el-ano-2021.pdf\">Uso de animales con fines cient\u00edficos en la UMH en el a\u00f1o 2021<\/a><\/p>\n<h4><strong>Formaci\u00f3n:<\/strong><\/h4>\n<ul>\n<li>Formaci\u00f3n inicial funciones a, b, c y d a\u00f1o 2021\n<ul>\n<li><a href=\"https:\/\/oir.umh.es\/formacion-etica\/formacion-inicial\/v-edicion\/\" target=\"_blank\" rel=\"noopener noreferrer\">V Edici\u00f3n formato Nanom\u00e1ster<\/a><\/li>\n<li><a href=\"https:\/\/oir.umh.es\/formacion-etica\/formacion-inicial\/nueva-vi-edicion\/\" target=\"_blank\" rel=\"noopener noreferrer\">VI Edici\u00f3n formato Nanom\u00e1ster<\/a><\/li>\n<\/ul>\n<\/li>\n<li>Formaci\u00f3n continua:\n<ul>\n<li><a href=\"https:\/\/oir.umh.es\/formacion-etica\/formacion-continua\/nanocursos\/\" target=\"_blank\" rel=\"noopener noreferrer\">Plan de formaci\u00f3n del PAS 2021 e Iniciativa OIR de formaci\u00f3n del PDI\/PI 2021<\/a><\/li>\n<\/ul>\n<\/li>\n<\/ul>\n<h4><strong>Promoci\u00f3n de las 3 Rs y divulgaci\u00f3n de la utilidad de la investigaci\u00f3n con animales:<\/strong><\/h4>\n<ul>\n<li><a href=\"https:\/\/cosce.org\/wp-content\/uploads\/2021\/12\/Informe-2021-Acuerdo-COSCE-Transparencia.pdf\">Informe anual 2021 del acuerdo COSCE de transparencia<\/a>\u00a0sobre el uso de animales en experimentaci\u00f3n cient\u00edfica en Espa\u00f1a<\/li>\n<li><a href=\"https:\/\/www.mapa.gob.es\/es\/ganaderia\/temas\/produccion-y-mercados-ganaderos\/informe2021_tcm30-635810.pdf\">Informe estad\u00edstico anual 2021 del uso de animales en la investigaci\u00f3n y docencia<\/a> en Espa\u00f1a del Ministerio de Agricultura, Pesca y Alimentaci\u00f3n<\/li>\n<li><a href=\"https:\/\/oir.umh.es\/2021\/06\/08\/curso-de-estadistica-aplicada-en-neurociencias\/\">Curso de Estad\u00edstica Aplicada en Neurociencias y la investigaci\u00f3n con animales<\/a>: 22-29 de septiembre<\/li>\n<li><a href=\"https:\/\/oir.umh.es\/2021\/02\/22\/guia-mantenimiento-capacitacion-personal\/\">Publicada la Gu\u00eda sobre el mantenimiento de la capacitaci\u00f3n del personal<\/a> (usuario de animales de experimentaci\u00f3n)<\/li>\n<li><a href=\"https:\/\/oir.umh.es\/2021\/03\/18\/guias-sobre-evaluacion-etica-de-proyectos-con-animales\/\">Gu\u00edas sobre evaluaci\u00f3n \u00e9tica de proyectos con animales<\/a>: Guide de l&#8217;\u00e9valuation \u00e9thique des projets 2021<\/li>\n<li><a href=\"https:\/\/congresosecal.org\/secal2021\">Congreso SECAL 2021<\/a>: 17-19 Noviembre<\/li>\n<li>Alternatives to animal testing at the JRC: the <a href=\"https:\/\/publications.jrc.ec.europa.eu\/repository\/handle\/JRC127780\" target=\"_blank\" rel=\"noopener\">2021 status report<\/a> is out<\/li>\n<\/ul>\n<h4><strong>Divulgaci\u00f3n de avances biom\u00e9dicos gracias al uso de animales en investigaci\u00f3n:<\/strong><\/h4>\n<ul>\n<li><a href=\"https:\/\/comunicacion.umh.es\/2021\/03\/15\/arte-y-neurociencia-durante-la-semana-del-cerebro-en-la-umh\/\">Arte y Neurociencia durante la Semana del Cerebro en la UMH<\/a><\/li>\n<li><a href=\"https:\/\/www.diarioveterinario.com\/t\/2695823\/como-veterinaria-contribuye-avance-medicina-humana\">C\u00f3mo la veterinaria contribuye al avance de la medicina humana<\/a><\/li>\n<li><a href=\"https:\/\/comunicacion.umh.es\/2021\/03\/30\/los-actuales-sustitutos-del-bisfenol-a-tambien-provocan-alteraciones-metabolicas-segun-un-estudio-dirigido-por-la-umh\/\">Los actuales sustitutos del bisfenol-A tambi\u00e9n provocan alteraciones metab\u00f3licas, seg\u00fan un estudio dirigido por la UMH<\/a><\/li>\n<li><a href=\"https:\/\/comunicacion.umh.es\/2021\/05\/07\/una-investigacion-del-instituto-de-neurociencias-umh-csic-avala-la-idoneidad-de-los-modelos-de-raton-en-parkinson-huntington-o-tdah\/\">Una investigaci\u00f3n del Instituto de Neurociencias UMH-CSIC avala la idoneidad de los modelos de rat\u00f3n en Parkinson, Huntington o TDAH<\/a><\/li>\n<li><a href=\"https:\/\/comunicacion.umh.es\/2021\/07\/21\/descubierto-un-nuevo-mecanismo-de-formacion-de-la-memoria-social\/\">Descubierto un\u00a0 nuevo mecanismo de formaci\u00f3n de la memoria social\u00a0<\/a><\/li>\n<li><a href=\"https:\/\/comunicacion.umh.es\/2021\/06\/09\/un-estudio-coliderado-por-el-instituto-de-neurociencias-umh-csic-descifra-las-claves-genomicas-de-la-atrofia-del-hipocampo-en-la-epilepsia\/\">Un estudio coliderado por el Instituto de Neurociencias UMH-CSIC descifra las claves gen\u00f3micas de la atrofia del hipocampo en la epilepsia<\/a><\/li>\n<li><a href=\"https:\/\/comunicacion.umh.es\/2021\/11\/22\/el-tratamiento-para-un-ojo-lesionado-o-inflamado-deberia-aplicarse-en-ambos-ojos-segun-un-estudio-de-la-umh\/\">El tratamiento para un ojo lesionado o inflamado deber\u00eda aplicarse en ambos ojos, seg\u00fan un estudio de la UMH<\/a><\/li>\n<li><a href=\"https:\/\/comunicacion.umh.es\/2021\/10\/15\/investigadores-del-instituto-de-neurociencias-umh-csic-identifican-un-mecanismo-que-controla-el-inicio-de-la-pubertad\/\">Investigadores del Instituto de Neurociencias UMH-CSIC identifican un mecanismo que controla el inicio de la pubertad<\/a><\/li>\n<li><a href=\"https:\/\/comunicacion.umh.es\/2021\/10\/27\/la-spin-off-antalgenics-del-parque-cientifico-desarrolla-un-neurofarmaco-para-eliminar-el-picor-producido-por-la-psoriasis\/\">La spin-off AntalGenics del Parque Cient\u00edfico desarrolla un neurof\u00e1rmaco para eliminar el pico producido por la psoriasis<\/a><\/li>\n<li><a href=\"https:\/\/comunicacion.umh.es\/2021\/11\/03\/mas-de-70-cientificos-debaten-sobre-los-avances-en-la-comprension-de-los-mecanismos-implicados-en-el-dolor-cronico-y-el-prurito\/\">M\u00e1s de 70 cient\u00edficos debaten sobre los avances en la comprensi\u00f3n de los mecanismos implicados en el dolor cr\u00f3nico y el prurito<\/a><\/li>\n<li><a href=\"https:\/\/comunicacion.umh.es\/2021\/11\/10\/el-laboratorio-de-neurobiologia-ocular-explica-como-funciona-una-lagrima-artificial-para-el-ojo-seco\/\">El laboratorio de Neurobiolog\u00eda Ocular explica c\u00f3mo funciona una l\u00e1grima artificial para el ojo seco<\/a><\/li>\n<li><a href=\"https:\/\/comunicacion.umh.es\/2021\/01\/13\/la-caja-rural-central-patrocina-el-desarrollo-de-nuevos-antitumorales-para-el-tratamiento-del-cancer-de-colon-en-la-umh-2\/\">La Caja Rural Central patrocina el desarrollo de nuevos antitumorales para el tratamiento del c\u00e1ncer de colon en la UMH<\/a><\/li>\n<li><a href=\"https:\/\/comunicacion.umh.es\/2021\/01\/21\/un-compuesto-desarrollado-por-investigadores-de-la-umh-reduce-el-picor-de-la-psoriasis-sin-producir-efectos-secundarios\/\">Un compuesto desarrollado por investigadores de la UMH reduce el picor de la psoriasis sin producir efectos secundarios<\/a><\/li>\n<li><a href=\"https:\/\/comunicacion.umh.es\/2021\/03\/11\/el-instituto-de-neurociencias-organiza-el-seminario-online-la-nariz-como-sensor-de-enfermedad\/\">El Instituto de Neurociencias organiza el seminario online &#8220;La nariz como sensor de enfermedad&#8221;<\/a><\/li>\n<li><a href=\"https:\/\/comunicacion.umh.es\/2021\/03\/12\/la-start-up-symbiota-del-pcumh-desarrolla-ecosistemas-bacterianos-in-vitro-para-optimizar-los-estudios-preclinicos-con-farmacos\/\">La start-up Symbiota del PCUMH desarrolla ecosistemas bacterianos in vitro para optimizar los estudios precl\u00ednicos con f\u00e1rmacos<\/a><\/li>\n<li><a href=\"https:\/\/comunicacion.umh.es\/2021\/04\/13\/investigadores-del-instituto-de-neurociencias-umh-csic-transforman-astrocitos-en-neuronas-especificas-para-reparar-circuitos-visuales\/\">Investigadores del Instituto de Neurociencias UMH-CSIC transforman astrocitos en neuronas espec\u00edficas para reparar circuitos visuales<\/a><\/li>\n<li><a href=\"https:\/\/comunicacion.umh.es\/2021\/05\/21\/investigadoras-del-instituto-de-neurociencias-visualizan-los-circuitos-de-oxitocina-y-vasopresina-en-3d-con-una-resolucion-sin-precedentes\/\">Visualizan los circuitos de oxitocina y vasopresina en 3D con una resoluci\u00f3n sin precedentes<\/a><\/li>\n<li><a href=\"https:\/\/comunicacion.umh.es\/2021\/10\/20\/investigadores-de-la-umh-logran-estimular-la-vision-en-una-persona-ciega-para-que-pueda-percibir-formas-simples-y-letras\/\">Investigadores de la UMH logran estimular la visi\u00f3n en una persona ciega para que pueda percibir formas simples y letras<\/a><\/li>\n<\/ul>\n<p>&nbsp;<\/p>\n<p>[\/et_pb_text][\/et_pb_column][et_pb_column type=&#8221;1_4&#8243; _builder_version=&#8221;4.16&#8243; global_colors_info=&#8221;{}&#8221;][et_pb_image src=&#8221;https:\/\/rri.umh.es\/files\/2024\/09\/imagenes_rri1_Pagina_2.png&#8221; alt=&#8221;Informaci\u00f3n Indicadores RRI&#8221; title_text=&#8221;Informaci\u00f3n Indicadores RRI&#8221; url=&#8221;https:\/\/rri.umh.es\/indicadores-rri\/&#8221; admin_label=&#8221;menu rri&#8221; _builder_version=&#8221;4.17.4&#8243; _module_preset=&#8221;default&#8221; custom_margin=&#8221;||16px|||&#8221; global_colors_info=&#8221;{}&#8221;][\/et_pb_image][et_pb_image src=&#8221;https:\/\/rri.umh.es\/files\/2024\/09\/imagenes_rri1_Pagina_1.png&#8221; alt=&#8221;\u00c9tica e Integridad en la Investigaci\u00f3n&#8221; title_text=&#8221;\u00c9tica e Integridad en la Investigaci\u00f3n&#8221; url=&#8221;https:\/\/rri.umh.es\/etica-integridad-investigacion\/&#8221; admin_label=&#8221;menu etica&#8221; _builder_version=&#8221;4.17.4&#8243; _module_preset=&#8221;default&#8221; custom_margin=&#8221;-5px||11px|||&#8221; global_colors_info=&#8221;{}&#8221;][\/et_pb_image][et_pb_image src=&#8221;https:\/\/rri.umh.es\/files\/2024\/09\/imagenes_rri1_Pagina_3.png&#8221; alt=&#8221;C\u00f3digo de Buenas Pr\u00e1cticas Cient\u00edficas&#8221; title_text=&#8221;C\u00f3digo de Buenas Pr\u00e1cticas Cient\u00edficas&#8221; url=&#8221;https:\/\/rri.umh.es\/codigo-de-buenas-practicas-cientificas\/&#8221; admin_label=&#8221;menu cbpc&#8221; _builder_version=&#8221;4.17.4&#8243; _module_preset=&#8221;default&#8221; custom_margin=&#8221;12px||13px|||&#8221; global_colors_info=&#8221;{}&#8221;][\/et_pb_image][et_pb_image src=&#8221;https:\/\/rri.umh.es\/files\/2024\/09\/imagenes_rri1_Pagina_4.png&#8221; alt=&#8221;Acuerdo de transparencia sobre el uso de animales en investigaci\u00f3n&#8221; title_text=&#8221;Acuerdo de transparencia sobre el uso de animales en investigaci\u00f3n&#8221; url=&#8221;https:\/\/rri.umh.es\/acuerdo-transparencia-uso-animales-investigacion\/&#8221; admin_label=&#8221;menu transparencia&#8221; _builder_version=&#8221;4.17.4&#8243; _module_preset=&#8221;default&#8221; custom_margin=&#8221;||13px|||&#8221; global_colors_info=&#8221;{}&#8221;][\/et_pb_image][et_pb_button button_url=&#8221;https:\/\/rri.umh.es\/&#8221; button_text=&#8221;Volver a Inicio&#8221; admin_label=&#8221;Bot\u00f3n inicio&#8221; _builder_version=&#8221;4.17.4&#8243; _module_preset=&#8221;default&#8221; global_colors_info=&#8221;{}&#8221;][\/et_pb_button][\/et_pb_column][\/et_pb_row][\/et_pb_section]<\/p>\n","protected":false},"excerpt":{"rendered":"<p>Actividades de divulgaci\u00f3n, formaci\u00f3n y promoci\u00f3n de las 3R en 2021 \u00a0 Informe de transparencia: Uso de animales con fines cient\u00edficos en la UMH en el a\u00f1o 2021 Formaci\u00f3n: Formaci\u00f3n inicial funciones a, b, c y d a\u00f1o 2021 V Edici\u00f3n formato Nanom\u00e1ster VI Edici\u00f3n formato Nanom\u00e1ster Formaci\u00f3n continua: Plan de formaci\u00f3n del PAS 2021 [&hellip;]<\/p>\n","protected":false},"author":5126,"featured_media":0,"parent":8929,"menu_order":0,"comment_status":"closed","ping_status":"closed","template":"","meta":{"_et_pb_use_builder":"on","_et_pb_old_content":"","_et_gb_content_width":"","_links_to":"","_links_to_target":""},"_links":{"self":[{"href":"https:\/\/rri.umh.es\/ca\/wp-json\/wp\/v2\/pages\/10264"}],"collection":[{"href":"https:\/\/rri.umh.es\/ca\/wp-json\/wp\/v2\/pages"}],"about":[{"href":"https:\/\/rri.umh.es\/ca\/wp-json\/wp\/v2\/types\/page"}],"author":[{"embeddable":true,"href":"https:\/\/rri.umh.es\/ca\/wp-json\/wp\/v2\/users\/5126"}],"replies":[{"embeddable":true,"href":"https:\/\/rri.umh.es\/ca\/wp-json\/wp\/v2\/comments?post=10264"}],"version-history":[{"count":0,"href":"https:\/\/rri.umh.es\/ca\/wp-json\/wp\/v2\/pages\/10264\/revisions"}],"up":[{"embeddable":true,"href":"https:\/\/rri.umh.es\/ca\/wp-json\/wp\/v2\/pages\/8929"}],"wp:attachment":[{"href":"https:\/\/rri.umh.es\/ca\/wp-json\/wp\/v2\/media?parent=10264"}],"curies":[{"name":"wp","href":"https:\/\/api.w.org\/{rel}","templated":true}]}}