{"id":10294,"date":"2025-01-16T16:40:37","date_gmt":"2025-01-16T15:40:37","guid":{"rendered":"https:\/\/rri.umh.es\/?page_id=10294"},"modified":"2025-01-16T16:40:42","modified_gmt":"2025-01-16T15:40:42","slug":"divulgacion-formacion-2019","status":"publish","type":"page","link":"https:\/\/rri.umh.es\/ca\/acuerdo-transparencia-uso-animales-investigacion\/divulgacion-formacion-2019\/","title":{"rendered":"Borrador autom\u00e1tico"},"content":{"rendered":"<p>[et_pb_section fb_built=&#8221;1&#8243; fullwidth=&#8221;on&#8221; _builder_version=&#8221;4.16&#8243; global_colors_info=&#8221;{}&#8221; theme_builder_area=&#8221;post_content&#8221;][et_pb_fullwidth_image src=&#8221;https:\/\/rri.umh.es\/files\/2024\/09\/BANNER-WEB-DE-TRANSPARENCIA-1024&#215;91-1.png&#8221; alt=&#8221;Banner&#8221; title_text=&#8221;BANNER-WEB-DE-TRANSPARENCIA-1024&#215;91&#8243; admin_label=&#8221;banner&#8221; _builder_version=&#8221;4.17.4&#8243; global_colors_info=&#8221;{}&#8221; theme_builder_area=&#8221;post_content&#8221;][\/et_pb_fullwidth_image][\/et_pb_section][et_pb_section fb_built=&#8221;1&#8243; _builder_version=&#8221;4.16&#8243; global_colors_info=&#8221;{}&#8221; theme_builder_area=&#8221;post_content&#8221;][et_pb_row column_structure=&#8221;3_4,1_4&#8243; _builder_version=&#8221;4.16&#8243; global_colors_info=&#8221;{}&#8221; theme_builder_area=&#8221;post_content&#8221;][et_pb_column type=&#8221;3_4&#8243; _builder_version=&#8221;4.16&#8243; global_colors_info=&#8221;{}&#8221; theme_builder_area=&#8221;post_content&#8221;][et_pb_text _builder_version=&#8221;4.17.4&#8243; _module_preset=&#8221;default&#8221; hover_enabled=&#8221;0&#8243; global_colors_info=&#8221;{}&#8221; theme_builder_area=&#8221;post_content&#8221; sticky_enabled=&#8221;0&#8243;]<\/p>\n<h3><strong>Actividades de divulgaci\u00f3n, formaci\u00f3n y promoci\u00f3n de las 3R en 2019<\/strong><\/h3>\n<p>&nbsp;<\/p>\n<h4><strong>Informe de transparencia:<\/strong><\/h4>\n<p><a href=\"https:\/\/oir.umh.es\/files\/2021\/12\/INFORME-ANIMALES-17-18-19_v0312.pdf\" target=\"_blank\" rel=\"noopener noreferrer\">Uso de animales con fines cient\u00edficos en la UMH en el a\u00f1o 2019<\/a><\/p>\n<h4><strong>Promoci\u00f3n de las 3 Rs y divulgaci\u00f3n de la utilidad de la investigaci\u00f3n con animales:<\/strong><\/h4>\n<ul>\n<li><a href=\"https:\/\/www.mapa.gob.es\/es\/ganaderia\/temas\/produccion-y-mercados-ganaderos\/informedeusodeanimalesen2019_tcm30-550894.pdf\">Informe anual 2019 del Acuerdo de transparencia<\/a> sobre el uso de animales en experimentaci\u00f3n cient\u00edfica en Espa\u00f1a<\/li>\n<\/ul>\n<ul>\n<li><a href=\"https:\/\/oir.umh.es\/2019\/01\/09\/directrices-para-el-tratamiento-de-animales-en-la-investigacion-y-la-ensenanza-del-comportamiento\/\"> Directrices<\/a> para el tratamiento de animales en la investigaci\u00f3n y la ense\u00f1anza del comportamiento<\/li>\n<\/ul>\n<ul>\n<li><a href=\"https:\/\/oir.umh.es\/2019\/02\/07\/estudio-del-autismo-in-vitro-como-alternativa-a-la-experimentacion-animal\/\"> Estudio del autismo in vitro <\/a>como alternativa a la experimentaci\u00f3n animal<\/li>\n<\/ul>\n<ul>\n<li><a href=\"https:\/\/oir.umh.es\/2019\/04\/17\/informe-de-eurl-ecvam-sobre-el-estado-del-desarrollo-validacion-y-aceptacion-regulatoria-de-los-metodos-alternativos-y-sus-aproximaciones-2018\/\"> Informe de EURL ECVAM <\/a> sobre el estado del desarrollo, validaci\u00f3n y aceptaci\u00f3n regulatoria de los m\u00e9todos alternativos y sus aproximaciones (2018)<\/li>\n<\/ul>\n<ul>\n<li><a href=\"https:\/\/oir.umh.es\/2019\/06\/28\/fish-behaviour-index-fbi\/\"> Fish Behaviour Index (FBI): <\/a> Un interesante software para valorar el bienestar del pez cebra de manera fiable, lo que permite refinar los procedimientos<\/li>\n<\/ul>\n<ul>\n<li><a href=\"https:\/\/oir.umh.es\/2019\/09\/18\/informe-anual-2019-del-acuerdo-cosce-de-transparencia-sobre-el-uso-de-animales-en-experimentacion-cientifica-en-espana\/\"> Informe anual 2019 <\/a> del acuerdo COSCE de transparencia sobre el uso de animales en experimentaci\u00f3n cient\u00edfica en Espa\u00f1a<\/li>\n<\/ul>\n<ul>\n<li>Garant\u00eda de calidad y monitorizaci\u00f3n gen\u00e9tica de roedores de laboratorio. <a href=\"https:\/\/oir.umh.es\/2019\/09\/16\/garantia-de-calidad-y-monitorizacion-genetica-de-roedores-de-laboratorio-un-informe-de-felasa\/\"> Un informe de FELASA <\/a><\/li>\n<\/ul>\n<ul>\n<li><a href=\"https:\/\/oir.umh.es\/2019\/05\/13\/aprendizaje-automatico-para-refinar-los-criterios-de-punto-final\/\"> Aprendizaje autom\u00e1tico para refinar los criterios de punto final <\/a><\/li>\n<\/ul>\n<ul>\n<li><a href=\"https:\/\/oir.umh.es\/2019\/04\/25\/criterios-de-punto-final-para-modelos-animales-de-ela\/\"> Criterios de punto final para modelos animales de ELA<\/a><\/li>\n<\/ul>\n<ul>\n<li style=\"list-style-type: none\">\n<ul>\n<li><a href=\"https:\/\/oir.umh.es\/2019\/01\/23\/epaa-3rs-awards-2017\/\"> EPAA 3Rs Awards 2017<\/a><\/li>\n<\/ul>\n<\/li>\n<\/ul>\n<h4><strong>Actividades de divulgaci\u00f3n:<\/strong><\/h4>\n<ul>\n<li style=\"list-style-type: none\">\n<ul>\n<li>Jornada de puertas abiertas en la <a href=\"http:\/\/in.umh-csic.es\/paginas_particulares\/SemanaCerebro\/Multi\/BAW_AnyoActual\/\" target=\"_blank\" rel=\"noopener noreferrer\">Semana Mundial del Cerebro<\/a> celebrada los d\u00edas 11-17 de Marzo de 2019 en el Instituto de Neurociencias, centro mixto UMH-CSIC, donde se abord\u00f3 el tema con diferentes charlas divulgativas, exposiciones\u2026<\/li>\n<\/ul>\n<\/li>\n<\/ul>\n<h4><strong>Formaci\u00f3n:<\/strong><\/h4>\n<ul>\n<li style=\"list-style-type: none\">\n<ul>\n<li>Formaci\u00f3n inicial funciones a, b, c y d a\u00f1o 2019\n<ul>\n<li><a href=\"https:\/\/oir.umh.es\/formacion-etica\/formacion-inicial\/nueva-edicion\/\" target=\"_blank\" rel=\"noopener noreferrer\">I Edici\u00f3n formato Nanom\u00e1ster<\/a><\/li>\n<li><a href=\"https:\/\/oir.umh.es\/formacion-etica\/formacion-inicial\/nuevo-ii-edicion-nuevo-formato\/\" target=\"_blank\" rel=\"noopener noreferrer\">II Edici\u00f3n formato Nanom\u00e1ster<\/a><\/li>\n<\/ul>\n<\/li>\n<li>Formaci\u00f3n continua:\n<ul>\n<li><a href=\"https:\/\/oir.umh.es\/formacion-etica\/formacion-continua\/nanocursos\/\" target=\"_blank\" rel=\"noopener noreferrer\">Plan de formaci\u00f3n del PAS 2019 e Iniciativa OIR de formaci\u00f3n del PDI\/PI 2019<\/a><\/li>\n<li><a href=\"https:\/\/docs.google.com\/forms\/d\/e\/1FAIpQLSdre_Aq_W6n4_NbO3Zn3Jp1D97zR7soPuvTYXxL8kpRqHFxiw\/viewform\" target=\"_blank\" rel=\"noopener noreferrer\">Seminario: C\u00f3mo cumplimentar HAMELIN correctamente <\/a><\/li>\n<li><a href=\"https:\/\/twitter.com\/organoevaluador\/status\/1151769961918095360?s=20\" target=\"_blank\" rel=\"noopener noreferrer\">Webinar sobre alternativas al uso de suero fetal bovino en cultivos celulares<\/a><\/li>\n<li><a href=\"https:\/\/comunicacion.umh.es\/2019\/04\/03\/123107\/\">Seminario sobre la disecci\u00f3n gen\u00e9tica de la formaci\u00f3n de los \u00f3rganos en los animales<\/a><\/li>\n<li>Seminarios de introducci\u00f3n a la experimentaci\u00f3n animal y a la solicitud de proyectos de investigaci\u00f3n con animales para estudiantes de grado (psicolog\u00eda, farmacia&#8230;)<\/li>\n<\/ul>\n<\/li>\n<\/ul>\n<\/li>\n<\/ul>\n<h4><strong>Divulgaci\u00f3n de avances biom\u00e9dicos gracias al uso de animales en investigaci\u00f3n:<\/strong><\/h4>\n<ul>\n<li style=\"list-style-type: none\">\n<ul>\n<li><a href=\"https:\/\/comunicacion.umh.es\/2019\/04\/03\/123107\/\" target=\"_blank\" rel=\"noopener noreferrer\">Seminario sobre la disecci\u00f3n gen\u00e9tica de la formaci\u00f3n de los \u00f3rganos en los animales<\/a><\/li>\n<li><a href=\"https:\/\/comunicacion.umh.es\/2019\/05\/02\/la-umh-renueva-su-presencia-en-la-comision-autonomica-de-bienestar-de-los-animales-de-experimentacion\/\" target=\"_blank\" rel=\"noopener noreferrer\">La UMH renueva su presencia en la Comisi\u00f3n Auton\u00f3mica de Bienestar de los Animales de Experimentaci\u00f3n<\/a><\/li>\n<li><a href=\"https:\/\/comunicacion.umh.es\/2019\/11\/22\/el-instituto-de-neurociencias-umh-csic-descubre-que-el-desarrollo-de-los-tejidos-en-animales-es-heredado-de-los-organismos-unicelulares\/\" target=\"_blank\" rel=\"noopener noreferrer\">Descubren que el desarrollo de los tejidos en animales es heredado de los organismos unicelulares<\/a><\/li>\n<li><a href=\"https:\/\/comunicacion.umh.es\/2019\/12\/13\/la-caja-rural-central-patrocina-el-desarrollo-de-nuevos-antitumorales-para-el-tratamiento-del-cancer-de-colon-en-la-umh\/\" target=\"_blank\" rel=\"noopener noreferrer\">La Caja Rural Central patrocina el desarrollo de nuevos antitumorales para el tratamiento del c\u00e1ncer de colon en la UMH<\/a><\/li>\n<li><a href=\"https:\/\/comunicacion.umh.es\/2019\/12\/11\/especialistas-de-la-umh-estudian-un-tratamiento-de-la-esclerosis-que-podria-utilizarse-para-eliminar-celulas-tumorales-del-cerebro\/\" target=\"_blank\" rel=\"noopener noreferrer\">Especialistas de la UMH estudian un tratamiento de la esclerosis que podr\u00eda utilizarse para eliminar c\u00e9lulas tumorales del cerebro<\/a><\/li>\n<li><a href=\"https:\/\/comunicacion.umh.es\/2019\/03\/12\/la-generalitat-concede-a-4-investigadores-la-subvencion-para-contratacion-de-personal-investigador-en-fase-postdoctoral\/\" target=\"_blank\" rel=\"noopener noreferrer\">La Generalitat concede a 4 investigadores de la UMH la subvenci\u00f3n para contrataci\u00f3n de personal investigador en fase postdoctoral<\/a><\/li>\n<li><a href=\"https:\/\/comunicacion.umh.es\/2019\/01\/31\/la-umh-organiza-un-seminario-sobre-estrategias-en-opiaceos-como-tratamientos-del-dolor-cronico-y-otro-sobre-sistemas-pseudo-ordenados\/\" target=\"_blank\" rel=\"noopener noreferrer\">La UMH organiza un seminario sobre estrategias en opi\u00e1ceos como tratamientos del dolor cr\u00f3nico y otro sobre sistemas pseudo-ordenados<\/a><\/li>\n<li><a href=\"https:\/\/comunicacion.umh.es\/2019\/05\/03\/un-estudio-del-instituto-de-neurociencias-umh-csic-prueba-que-el-sentido-del-tacto-surge-en-el-cerebro-antes-del-nacimiento\/\" target=\"_blank\" rel=\"noopener noreferrer\">Un estudio del Instituto de Neurociencias UMH-CSIC prueba que el sentido del tacto surge en el cerebro antes del nacimiento<\/a><\/li>\n<li><a href=\"https:\/\/comunicacion.umh.es\/2019\/10\/31\/un-estudio-senala-que-el-bisfenol-a-aumenta-la-sensacion-de-dolor-en-ratones\/\" target=\"_blank\" rel=\"noopener noreferrer\">Un estudio se\u00f1ala que el Bisfenol A aumenta la sensaci\u00f3n de dolor en ratones<\/a><\/li>\n<li><a href=\"https:\/\/comunicacion.umh.es\/2019\/09\/24\/investigadores-del-instituto-de-neurociencias-umh-csic-descubren-como-neutralizar-un-cancer-cerebral-en-un-modelo-de-raton\/\" target=\"_blank\" rel=\"noopener noreferrer\">Investigadores del Instituto de Neurociencias UMH-CSIC descubren c\u00f3mo neutralizar un c\u00e1ncer cerebral en un modelo de rat\u00f3n<\/a><\/li>\n<li><a href=\"https:\/\/comunicacion.umh.es\/2019\/03\/22\/investigadores-del-instituto-de-neurociencias-descubren-la-conexion-que-permite-la-coordinacion-bilateral-de-la-vision-en-mamiferos\/\" target=\"_blank\" rel=\"noopener noreferrer\">Investigadores del Instituto de Neurociencias descubren la conexi\u00f3n que permite la coordinaci\u00f3n bilateral de la visi\u00f3n en mam\u00edferos<\/a><\/li>\n<li><a href=\"https:\/\/comunicacion.umh.es\/2019\/12\/03\/el-investigador-angel-nadal-presenta-en-corea-los-efectos-del-bisfenol-a-peticion-de-la-federacion-internacional-de-diabetes\/\" target=\"_blank\" rel=\"noopener noreferrer\">El investigador \u00c1ngel Nadal presenta en Corea los efectos del bisfenol, a petici\u00f3n de la Federaci\u00f3n Internacional de Diabetes<\/a><\/li>\n<li><a href=\"https:\/\/comunicacion.umh.es\/2019\/09\/10\/describen-la-huella-epigenetica-que-el-aprendizaje-y-la-epilepsia-dejan-en-las-neuronas\/\" target=\"_blank\" rel=\"noopener noreferrer\">Describen la huella epigen\u00e9tica que el aprendizaje y la epilepsia dejan en las neuronas<\/a><\/li>\n<li><a href=\"https:\/\/comunicacion.umh.es\/2019\/04\/11\/el-in-participa-en-un-estudio-que-demuestra-que-la-actividad-fisica-prepara-a-las-neuronas-para-regenerarse-en-caso-de-lesion-medular\/\" target=\"_blank\" rel=\"noopener noreferrer\">El IN participa en un estudio que demuestra que la actividad f\u00edsica prepara a las neuronas para regenerarse en caso de lesi\u00f3n medular<\/a><\/li>\n<li><a href=\"https:\/\/comunicacion.umh.es\/2019\/11\/21\/especialistas-de-la-umh-y-de-chile-colaboran-para-encontrar-una-cura-a-la-enfermedad-del-salmon-coho-que-azota-la-produccion-piscicola\/\" target=\"_blank\" rel=\"noopener noreferrer\">Especialistas de la UMH y de Chile colaboran para encontrar una cura a la enfermedad del salm\u00f3n coho que azota la producci\u00f3n pisc\u00edcola<\/a><\/li>\n<li><a href=\"https:\/\/comunicacion.umh.es\/2019\/07\/04\/exposicion-la-mar-de-ciencies\/\" target=\"_blank\" rel=\"noopener noreferrer\">Exposici\u00f3n \u201cLa Mar de Ci\u00e8ncies\u201d<\/a><\/li>\n<li><a href=\"https:\/\/comunicacion.umh.es\/2019\/12\/17\/el-desierto-del-gobi-es-una-de-las-zonas-con-mayor-mortalidad-de-rapaces-y-no-se-acometen-medidas-adecuadas-segun-un-estudio\/\" target=\"_blank\" rel=\"noopener noreferrer\">El desierto del Gobi es una de las zonas con mayor mortalidad de rapaces y no se acometen medidas adecuadas, seg\u00fan un estudio<\/a><\/li>\n<li><a href=\"https:\/\/comunicacion.umh.es\/2019\/06\/21\/la-umh-y-la-universidad-eslovaca-de-agricultura-colaboraran-en-nuevas-lineas-de-investigacion\/\" target=\"_blank\" rel=\"noopener noreferrer\">La UMH y la Universidad Eslovaca de Agricultura colaborar\u00e1n en nuevas l\u00edneas de investigaci\u00f3n<\/a><\/li>\n<li><a href=\"https:\/\/comunicacion.umh.es\/2019\/12\/03\/el-parque-cientifico-organiza-una-jornada-sobre-investigacion-e-innovacion-responsable\/\" target=\"_blank\" rel=\"noopener noreferrer\">Jornada sobre investigaci\u00f3n e innovaci\u00f3n responsable <\/a><\/li>\n<li><a href=\"https:\/\/comunicacion.umh.es\/2019\/11\/21\/investigadores-trabajan-sobre-las-causas-de-la-enfermedad-renal-cronica-de-causas-no-tradicionales-en-centroamerica\/\" target=\"_blank\" rel=\"noopener noreferrer\">Investigadores de la UMH trabajan sobre las causas de la enfermedad renal cr\u00f3nica de causas no tradicionales en Centroam\u00e9rica<\/a><\/li>\n<li><a href=\"https:\/\/comunicacion.umh.es\/2019\/11\/20\/la-investigacion-de-la-diabetes-centra-la-ii-jornada-de-jovenes-investigadores-de-excelencia-en-la-investigacion-de-la-diabetes\/\" target=\"_blank\" rel=\"noopener noreferrer\">La investigaci\u00f3n de la diabetes centra la II Jornada de J\u00f3venes Investigadores de Excelencia<\/a><\/li>\n<li><a href=\"https:\/\/comunicacion.umh.es\/2019\/11\/18\/nuevo-monografico-del-grupo-de-investigacion-aitana-sobre-prevencion-en-salud-mental-infanto-juvenil\/\" target=\"_blank\" rel=\"noopener noreferrer\">Nuevo monogr\u00e1fico del grupo de investigaci\u00f3n AITANA sobre prevenci\u00f3n en salud mental infanto-juvenil<\/a><\/li>\n<li><a href=\"https:\/\/comunicacion.umh.es\/2019\/11\/14\/ii-jornada-de-jovenes-investigadores-de-excelencia-con-motivo-del-dia-mundial-de-la-diabetes\/\" target=\"_blank\" rel=\"noopener noreferrer\">II Jornada de J\u00f3venes Investigadores de Excelencia, con motivo del D\u00eda Mundial de la Diabetes<\/a><\/li>\n<li><a href=\"https:\/\/comunicacion.umh.es\/2019\/11\/04\/la-investigadora-del-instituto-de-neurociencias-umh-csic-guillermina-lopez-bendito-recibe-el-premio-nacional-constantes-y-vitales\/\" target=\"_blank\" rel=\"noopener noreferrer\">La investigadora Guillermina L\u00f3pez Bendito recibe el premio nacional Constantes y Vitales<\/a><\/li>\n<li><a href=\"https:\/\/comunicacion.umh.es\/2019\/10\/18\/el-investigador-oscar-marin-ix-premio-remedios-carlo-almela-del-instituto-de-neurociencias-umh-csic\/\" target=\"_blank\" rel=\"noopener noreferrer\">El investigador \u00d3scar Mar\u00edn, IX Premio Remedios Caro Almela del Instituto de Neurociencias UMH-CSIC<\/a><\/li>\n<li><a href=\"https:\/\/comunicacion.umh.es\/2019\/10\/18\/investigadores-del-instituto-de-neurociencias-umh-csic-descubren-el-mecanismo-que-situa-el-corazon-a-la-izquierda\/\" target=\"_blank\" rel=\"noopener noreferrer\">Investigadores del Instituto de Neurociencias UMH-CSIC descubren el mecanismo que sit\u00faa el coraz\u00f3n a la izquierda<\/a><\/li>\n<li><a href=\"https:\/\/comunicacion.umh.es\/2019\/09\/26\/la-noche-de-las-investigadoras-umh-mudic-arranca-con-la-presentacion-de-la-web-serie-tiempo-para-brillar\/\" target=\"_blank\" rel=\"noopener noreferrer\">\u201cLa noche de las Investigadoras UMH-MUDIC\u201d arranca con la presentaci\u00f3n de la web serie \u201cTiempo para brillar\u201d<\/a><\/li>\n<li><a href=\"https:\/\/comunicacion.umh.es\/2019\/07\/18\/el-idibe-organiza-una-jornada-para-difundir-su-actividad-investigadora\/\" target=\"_blank\" rel=\"noopener noreferrer\">El IDIBE organiza una jornada para difundir su actividad investigadora<\/a><\/li>\n<li><a href=\"https:\/\/comunicacion.umh.es\/2019\/07\/11\/la-investigadora-angela-nieto-premio-nacional-de-investigacion-santiago-ramon-y-cajal-de-biologia\/\" target=\"_blank\" rel=\"noopener noreferrer\">La investigadora \u00c1ngela Nieto, Premio Nacional de Investigaci\u00f3n \u201cSantiago Ram\u00f3n y Cajal\u201d de Biolog\u00eda<\/a><\/li>\n<li><a href=\"https:\/\/comunicacion.umh.es\/2019\/05\/06\/el-profesor-jorge-alio-premio-alberto-sols-a-la-mejor-labor-investigadora\/\" target=\"_blank\" rel=\"noopener noreferrer\">El profesor Jorge Ali\u00f3, Premio Alberto Sols a la \u2018Mejor Labor Investigadora\u2019<\/a><\/li>\n<\/ul>\n<\/li>\n<\/ul>\n<p>&nbsp;<\/p>\n<p>[\/et_pb_text][\/et_pb_column][et_pb_column type=&#8221;1_4&#8243; _builder_version=&#8221;4.16&#8243; global_colors_info=&#8221;{}&#8221; theme_builder_area=&#8221;post_content&#8221;][et_pb_image src=&#8221;https:\/\/rri.umh.es\/files\/2024\/09\/imagenes_rri1_Pagina_2.png&#8221; alt=&#8221;Informaci\u00f3n Indicadores RRI&#8221; title_text=&#8221;Informaci\u00f3n Indicadores RRI&#8221; url=&#8221;https:\/\/rri.umh.es\/indicadores-rri\/&#8221; admin_label=&#8221;menu rri&#8221; _builder_version=&#8221;4.17.4&#8243; _module_preset=&#8221;default&#8221; custom_margin=&#8221;||16px|||&#8221; global_colors_info=&#8221;{}&#8221; theme_builder_area=&#8221;post_content&#8221;][\/et_pb_image][et_pb_image src=&#8221;https:\/\/rri.umh.es\/files\/2024\/09\/imagenes_rri1_Pagina_1.png&#8221; alt=&#8221;\u00c9tica e Integridad en la Investigaci\u00f3n&#8221; title_text=&#8221;\u00c9tica e Integridad en la Investigaci\u00f3n&#8221; url=&#8221;https:\/\/rri.umh.es\/etica-integridad-investigacion\/&#8221; admin_label=&#8221;menu etica&#8221; _builder_version=&#8221;4.17.4&#8243; _module_preset=&#8221;default&#8221; custom_margin=&#8221;-5px||11px|||&#8221; global_colors_info=&#8221;{}&#8221; theme_builder_area=&#8221;post_content&#8221;][\/et_pb_image][et_pb_image src=&#8221;https:\/\/rri.umh.es\/files\/2024\/09\/imagenes_rri1_Pagina_3.png&#8221; alt=&#8221;C\u00f3digo de Buenas Pr\u00e1cticas Cient\u00edficas&#8221; title_text=&#8221;C\u00f3digo de Buenas Pr\u00e1cticas Cient\u00edficas&#8221; url=&#8221;https:\/\/rri.umh.es\/codigo-de-buenas-practicas-cientificas\/&#8221; admin_label=&#8221;menu cbpc&#8221; _builder_version=&#8221;4.17.4&#8243; _module_preset=&#8221;default&#8221; custom_margin=&#8221;12px||13px|||&#8221; global_colors_info=&#8221;{}&#8221; theme_builder_area=&#8221;post_content&#8221;][\/et_pb_image][et_pb_image src=&#8221;https:\/\/rri.umh.es\/files\/2024\/09\/imagenes_rri1_Pagina_4.png&#8221; alt=&#8221;Acuerdo de transparencia sobre el uso de animales en investigaci\u00f3n&#8221; title_text=&#8221;Acuerdo de transparencia sobre el uso de animales en investigaci\u00f3n&#8221; url=&#8221;https:\/\/rri.umh.es\/acuerdo-transparencia-uso-animales-investigacion\/&#8221; admin_label=&#8221;menu transparencia&#8221; _builder_version=&#8221;4.17.4&#8243; _module_preset=&#8221;default&#8221; custom_margin=&#8221;||13px|||&#8221; global_colors_info=&#8221;{}&#8221; theme_builder_area=&#8221;post_content&#8221;][\/et_pb_image][et_pb_button button_url=&#8221;https:\/\/rri.umh.es\/&#8221; button_text=&#8221;Volver a Inicio&#8221; admin_label=&#8221;Bot\u00f3n inicio&#8221; _builder_version=&#8221;4.17.4&#8243; _module_preset=&#8221;default&#8221; global_colors_info=&#8221;{}&#8221; theme_builder_area=&#8221;post_content&#8221;][\/et_pb_button][\/et_pb_column][\/et_pb_row][\/et_pb_section]<\/p>\n","protected":false},"excerpt":{"rendered":"<p>Actividades de divulgaci\u00f3n, formaci\u00f3n y promoci\u00f3n de las 3R en 2019 &nbsp; Informe de transparencia: Uso de animales con fines cient\u00edficos en la UMH en el a\u00f1o 2019 Promoci\u00f3n de las 3 Rs y divulgaci\u00f3n de la utilidad de la investigaci\u00f3n con animales: Informe anual 2019 del Acuerdo de transparencia sobre el uso de animales [&hellip;]<\/p>\n","protected":false},"author":5126,"featured_media":0,"parent":8929,"menu_order":0,"comment_status":"closed","ping_status":"closed","template":"","meta":{"_et_pb_use_builder":"on","_et_pb_old_content":"","_et_gb_content_width":"","_links_to":"","_links_to_target":""},"_links":{"self":[{"href":"https:\/\/rri.umh.es\/ca\/wp-json\/wp\/v2\/pages\/10294"}],"collection":[{"href":"https:\/\/rri.umh.es\/ca\/wp-json\/wp\/v2\/pages"}],"about":[{"href":"https:\/\/rri.umh.es\/ca\/wp-json\/wp\/v2\/types\/page"}],"author":[{"embeddable":true,"href":"https:\/\/rri.umh.es\/ca\/wp-json\/wp\/v2\/users\/5126"}],"replies":[{"embeddable":true,"href":"https:\/\/rri.umh.es\/ca\/wp-json\/wp\/v2\/comments?post=10294"}],"version-history":[{"count":0,"href":"https:\/\/rri.umh.es\/ca\/wp-json\/wp\/v2\/pages\/10294\/revisions"}],"up":[{"embeddable":true,"href":"https:\/\/rri.umh.es\/ca\/wp-json\/wp\/v2\/pages\/8929"}],"wp:attachment":[{"href":"https:\/\/rri.umh.es\/ca\/wp-json\/wp\/v2\/media?parent=10294"}],"curies":[{"name":"wp","href":"https:\/\/api.w.org\/{rel}","templated":true}]}}