{"id":10333,"date":"2025-01-22T13:18:03","date_gmt":"2025-01-22T12:18:03","guid":{"rendered":"https:\/\/rri.umh.es\/?page_id=10333"},"modified":"2025-01-22T13:25:16","modified_gmt":"2025-01-22T12:25:16","slug":"divulgacion-formacion-2018","status":"publish","type":"page","link":"https:\/\/rri.umh.es\/ca\/acuerdo-transparencia-uso-animales-investigacion\/divulgacion-formacion-2018\/","title":{"rendered":"Borrador autom\u00e1tico"},"content":{"rendered":"<p>[et_pb_section fb_built=&#8221;1&#8243; fullwidth=&#8221;on&#8221; _builder_version=&#8221;4.16&#8243; global_colors_info=&#8221;{}&#8221;][et_pb_fullwidth_image src=&#8221;https:\/\/rri.umh.es\/files\/2024\/09\/BANNER-WEB-DE-TRANSPARENCIA-1024&#215;91-1.png&#8221; alt=&#8221;Banner&#8221; title_text=&#8221;BANNER-WEB-DE-TRANSPARENCIA-1024&#215;91&#8243; admin_label=&#8221;banner&#8221; _builder_version=&#8221;4.17.4&#8243; global_colors_info=&#8221;{}&#8221;][\/et_pb_fullwidth_image][\/et_pb_section][et_pb_section fb_built=&#8221;1&#8243; _builder_version=&#8221;4.16&#8243; global_colors_info=&#8221;{}&#8221;][et_pb_row column_structure=&#8221;3_4,1_4&#8243; _builder_version=&#8221;4.16&#8243; global_colors_info=&#8221;{}&#8221;][et_pb_column type=&#8221;3_4&#8243; _builder_version=&#8221;4.16&#8243; global_colors_info=&#8221;{}&#8221;][et_pb_text admin_label=&#8221;Informe y buscador&#8221; _builder_version=&#8221;4.17.4&#8243; _module_preset=&#8221;default&#8221; hover_enabled=&#8221;0&#8243; global_colors_info=&#8221;{}&#8221; sticky_enabled=&#8221;0&#8243;]<\/p>\n<h2 style=\"text-align: center\"><strong>Actividades de divulgaci\u00f3n, formaci\u00f3n y promoci\u00f3n de las 3R en 2018\/19<\/strong><\/h2>\n<p>&nbsp;<\/p>\n<h4><strong>Informe de transparencia<\/strong><\/h4>\n<p><a href=\"https:\/\/oir.umh.es\/files\/2020\/06\/USO-ANIMALES-UMH-2017.18.pdf\" target=\"_blank\" rel=\"noopener noreferrer\">Uso de animales con fines cient\u00edficos en la UMH en los a\u00f1os 2017 y 2018<\/a><\/p>\n<h4>\u00a0<\/h4>\n<h4><strong>Buscador de estudios con animales en la UMH<\/strong>:<\/h4>\n<p><a href=\"http:\/\/research.umh.es\/vivo\/\" target=\"_blank\" rel=\"noopener noreferrer\">http:\/\/research.umh.es\/vivo\/<\/a><\/p>\n<p><span style=\"color: #000000\"><strong>Instrucciones de uso:<\/strong><\/span><\/p>\n<ul>\n<li><span style=\"color: #000000\">En el caj\u00f3n buscador introducir la especie animal y el a\u00f1o. Ejemplo: Mice 2018<\/span><\/li>\n<li><span style=\"color: #000000\">En el men\u00fa que aparece a la derecha seleccionar: Research<\/span><\/li>\n<li><span style=\"color: #000000\">Aparecer\u00e1n los art\u00edculos y posters relacionados<\/span><\/li>\n<li><span style=\"color: #000000\">Tambi\u00e9n se puede acotar la b\u00fasqueda por enfermedades. Ejemplo: Anxiety mice 2018<\/span><\/li>\n<\/ul>\n<h4>\u00a0<\/h4>\n<h4><strong>Actividades de divulgaci\u00f3n<\/strong><\/h4>\n<ul>\n<li>Jornada de puertas abiertas en la <a href=\"http:\/\/in.umh-csic.es\/paginas_particulares\/SemanaCerebro\/Multi\/BAW_AnyoActual\/\" target=\"_blank\" rel=\"noopener noreferrer\">Semana Mundial del Cerebro<\/a> celebrada los d\u00edas 11-17 de Marzo de 2019 en el Instituto de Neurociencias, centro mixto UMH-CSIC, donde se abord\u00f3 el tema con diferentes charlas divulgativas, exposiciones\u2026<\/li>\n<li>I <a href=\"https:\/\/www.youtube.com\/watch?v=lJspgBdGtCE\" target=\"_blank\" rel=\"noopener noreferrer\">Jornada de puertas abiertas<\/a> de la Facultad de Medicina de la UMH celebrada el d\u00eda 3 de Octubre de 2018, en la que se imparti\u00f3 el Taller &#8220;Aprendiendo de los animales&#8221; a alumnos de primaria y secundaria, donde se explic\u00f3 la importancia y la necesidad que sigue habiendo hoy en d\u00eda del uso de animales en la investigaci\u00f3n.<\/li>\n<li>V\u00eddeo divulgativo sobre el Servicio de Experimentaci\u00f3n Animal de la UMH:<iframe loading=\"lazy\"  id=\"_ytid_74041\"  width=\"800\" height=\"450\"  data-origwidth=\"800\" data-origheight=\"450\" src=\"https:\/\/www.youtube.com\/embed\/jeq3nSzc6qM?enablejsapi=1&autoplay=0&cc_load_policy=0&cc_lang_pref=&iv_load_policy=1&loop=0&modestbranding=0&rel=1&fs=1&playsinline=0&autohide=2&theme=dark&color=red&controls=1&\" class=\"__youtube_prefs__  no-lazyload\" title=\"YouTube player\"  allow=\"accelerometer; autoplay; clipboard-write; encrypted-media; gyroscope; picture-in-picture\" allowfullscreen data-no-lazy=\"1\" data-skipgform_ajax_framebjll=\"\"><\/iframe><\/li>\n<li>Visitas guiadas a los animalarios para alumnos de:\n<ul>\n<li>Centros de educaci\u00f3n secundaria<\/li>\n<li>Estudiantes de grado<\/li>\n<\/ul>\n<\/li>\n<\/ul>\n<h4><strong>Formaci\u00f3n<\/strong><\/h4>\n<ul>\n<li>Formaci\u00f3n inicial funciones a, b, c y d curso acad\u00e9mico 2018\/19\n<ul>\n<li><a href=\"https:\/\/oir.umh.es\/formacion-etica\/formacion-inicial\/iv-edicion\/\" target=\"_blank\" rel=\"noopener noreferrer\">IV Edici\u00f3n<\/a><\/li>\n<li><a href=\"https:\/\/oir.umh.es\/formacion-etica\/formacion-inicial\/nueva-edicion\/\" target=\"_blank\" rel=\"noopener noreferrer\">I Edici\u00f3n formato Nanom\u00e1ster<\/a><\/li>\n<\/ul>\n<\/li>\n<li>Formaci\u00f3n continua:\n<ul>\n<li><a href=\"https:\/\/oir.umh.es\/formacion-etica\/formacion-continua\/nanocursos\/\" target=\"_blank\" rel=\"noopener noreferrer\">Plan de formaci\u00f3n del PAS 2019 e Iniciativa OIR de formaci\u00f3n del PDI\/PI 2019<\/a><\/li>\n<li><a href=\"https:\/\/docs.google.com\/forms\/d\/e\/1FAIpQLSdre_Aq_W6n4_NbO3Zn3Jp1D97zR7soPuvTYXxL8kpRqHFxiw\/viewform\" target=\"_blank\" rel=\"noopener noreferrer\">Seminario: C\u00f3mo cumplimentar HAMELIN correctamente <\/a><\/li>\n<li><a href=\"https:\/\/twitter.com\/organoevaluador\/status\/1151769961918095360?s=20\" target=\"_blank\" rel=\"noopener noreferrer\">Webinar sobre alternativas al uso de suero fetal bovino en cultivos celulares<\/a><\/li>\n<li><a href=\"https:\/\/comunicacion.umh.es\/2019\/04\/03\/123107\/\">Seminario sobre la disecci\u00f3n gen\u00e9tica de la formaci\u00f3n de los \u00f3rganos en los animales<\/a><\/li>\n<\/ul>\n<\/li>\n<li>Seminarios de introducci\u00f3n a la experimentaci\u00f3n animal y a la solicitud de proyectos de investigaci\u00f3n con animales para estudiantes de grado (psicolog\u00eda, farmacia&#8230;)<\/li>\n<\/ul>\n<p>[\/et_pb_text][et_pb_text admin_label=&#8221;Noticias UMH Divulgaci\u00f3n&#8221; _builder_version=&#8221;4.17.4&#8243; _module_preset=&#8221;default&#8221; global_colors_info=&#8221;{}&#8221;]<\/p>\n<h4><strong>Divulgaci\u00f3n de avances biom\u00e9dicos gracias al uso de animales en investigaci\u00f3n:<\/strong><\/h4>\n<ul>\n<li style=\"text-align: justify\"><a href=\"https:\/\/comunicacion.umh.es\/2019\/06\/21\/la-umh-y-la-universidad-eslovaca-de-agricultura-colaboraran-en-nuevas-lineas-de-investigacion\/\" target=\"_blank\" rel=\"noopener noreferrer\">La UMH y la Universidad Eslovaca de Agricultura colaborar\u00e1n en nuevas l\u00edneas de investigaci\u00f3n<\/a><\/li>\n<li style=\"text-align: justify\"><a href=\"https:\/\/comunicacion.umh.es\/2018\/09\/27\/la-umh-acoge-el-seminario-descifrando-la-secuencia-de-reconocimiento-tactil\/\" target=\"_blank\" rel=\"noopener noreferrer\">Seminario \u201cDescifrando la secuencia de reconocimiento t\u00e1ctil\u201d<\/a><\/li>\n<li style=\"text-align: justify\"><a href=\"https:\/\/comunicacion.umh.es\/2018\/09\/26\/seminario-sobre-inmunologia-en-peces-para-la-prevencion-de-enfermedades-en-acuicultura\/\" target=\"_blank\" rel=\"noopener noreferrer\">Seminario sobre inmunolog\u00eda en peces para la prevenci\u00f3n de enfermedades en acuicultura<\/a><\/li>\n<li style=\"text-align: justify\"><a href=\"https:\/\/comunicacion.umh.es\/2019\/03\/22\/investigadores-del-instituto-de-neurociencias-descubren-la-conexion-que-permite-la-coordinacion-bilateral-de-la-vision-en-mamiferos\/\" target=\"_blank\" rel=\"noopener noreferrer\">Investigadores del Instituto de Neurociencias descubren la conexi\u00f3n que permite la coordinaci\u00f3n bilateral de la visi\u00f3n en mam\u00edferos<\/a><\/li>\n<li style=\"text-align: justify\"><a href=\"https:\/\/comunicacion.umh.es\/2019\/04\/11\/el-in-participa-en-un-estudio-que-demuestra-que-la-actividad-fisica-prepara-a-las-neuronas-para-regenerarse-en-caso-de-lesion-medular\/\" target=\"_blank\" rel=\"noopener noreferrer\">El IN participa en un estudio que demuestra que la actividad f\u00edsica prepara a las neuronas para regenerarse en caso de lesi\u00f3n medular<\/a><\/li>\n<li style=\"text-align: justify\"><a href=\"https:\/\/comunicacion.umh.es\/2019\/05\/03\/un-estudio-del-instituto-de-neurociencias-umh-csic-prueba-que-el-sentido-del-tacto-surge-en-el-cerebro-antes-del-nacimiento\/\" target=\"_blank\" rel=\"noopener noreferrer\">Un estudio del Instituto de Neurociencias UMH-CSIC prueba que el sentido del tacto surge en el cerebro antes del nacimiento<\/a><\/li>\n<li style=\"text-align: justify\"><a href=\"https:\/\/comunicacion.umh.es\/2019\/04\/03\/123107\/\" target=\"_blank\" rel=\"noopener noreferrer\">Seminario sobre la disecci\u00f3n gen\u00e9tica de la formaci\u00f3n de los \u00f3rganos en los animales<\/a><\/li>\n<li style=\"text-align: justify\"><a href=\"https:\/\/comunicacion.umh.es\/2019\/05\/02\/la-umh-renueva-su-presencia-en-la-comision-autonomica-de-bienestar-de-los-animales-de-experimentacion\/\" target=\"_blank\" rel=\"noopener noreferrer\">La UMH renueva su presencia en la Comisi\u00f3n Auton\u00f3mica de Bienestar de los Animales de Experimentaci\u00f3n<\/a><\/li>\n<li style=\"text-align: justify\"><a href=\"https:\/\/comunicacion.umh.es\/2019\/03\/12\/la-generalitat-concede-a-4-investigadores-la-subvencion-para-contratacion-de-personal-investigador-en-fase-postdoctoral\/\" target=\"_blank\" rel=\"noopener noreferrer\">La Generalitat concede a 4 investigadores de la UMH la subvenci\u00f3n para contrataci\u00f3n de personal investigador en fase postdoctoral<\/a><\/li>\n<li style=\"text-align: justify\"><a href=\"https:\/\/comunicacion.umh.es\/2019\/01\/31\/la-umh-organiza-un-seminario-sobre-estrategias-en-opiaceos-como-tratamientos-del-dolor-cronico-y-otro-sobre-sistemas-pseudo-ordenados\/\" target=\"_blank\" rel=\"noopener noreferrer\">La UMH organiza un seminario sobre estrategias en opi\u00e1ceos como tratamientos del dolor cr\u00f3nico y otro sobre sistemas pseudo-ordenados<\/a><\/li>\n<li style=\"text-align: justify\"><a href=\"https:\/\/comunicacion.umh.es\/2018\/10\/26\/la-camara-de-comercio-premia-a-la-spin-off-centro-crea-del-parque-cientifico-por-su-labor-en-el-tratamiento-de-trastornos-alimentarios\/\" target=\"_blank\" rel=\"noopener noreferrer\">La C\u00e1mara de Comercio premia a la spin-off Centro CREA del Parque Cient\u00edfico por su labor en el tratamiento de trastornos alimentarios<\/a><\/li>\n<li style=\"text-align: justify\"><a href=\"https:\/\/comunicacion.umh.es\/2019\/04\/04\/un-estudio-del-instituto-de-neurociencias-revela-que-el-dano-cerebral-inducido-por-el-alcohol-no-cesa-inmediatamente-al-dejar-de-beber\/\" target=\"_blank\" rel=\"noopener noreferrer\">Un estudio del Instituto de Neurociencias revela que el da\u00f1o cerebral inducido por el alcohol no cesa inmediatamente al dejar de beber<\/a><\/li>\n<li style=\"text-align: justify\"><a href=\"https:\/\/comunicacion.umh.es\/2018\/10\/31\/la-academia-americana-de-oftalmologia-entrega-el-premio-de-honor-a-la-trayectoria-al-profesor-jorge-alio\/\" target=\"_blank\" rel=\"noopener noreferrer\">La Academia Americana de Oftalmolog\u00eda entrega el \u201cPremio de Honor a la Trayectoria\u201d al profesor Jorge Ali\u00f3<\/a><\/li>\n<\/ul>\n<p>[\/et_pb_text][et_pb_text admin_label=&#8221;Promoci\u00f3n de las 3Rs&#8221; _builder_version=&#8221;4.17.4&#8243; _module_preset=&#8221;default&#8221; hover_enabled=&#8221;0&#8243; global_colors_info=&#8221;{}&#8221; sticky_enabled=&#8221;0&#8243;]<\/p>\n<h4><strong>Promoci\u00f3n de las 3 Rs y divulgaci\u00f3n de la utilidad de la investigaci\u00f3n con animales:<\/strong><\/h4>\n<ul>\n<li style=\"text-align: justify\"><a href=\"https:\/\/ec.europa.eu\/environment\/chemicals\/lab_animals\/pdf\/SWD_%20part_A_and_B.pdf\" target=\"_blank\" rel=\"noopener noreferrer\">Informe de los Estados Miembros de la Uni\u00f3n Europea sobre las estad\u00edsticas del uso cient\u00edfico de animales de 2018<\/a><\/li>\n<li style=\"text-align: justify\"><a href=\"https:\/\/oir.umh.es\/2018\/09\/10\/informe-anual-2018-del-acuerdo-de-transparencia-sobre-el-uso-de-animales-en-experimentacion-cientifica-en-espana\/\" target=\"_blank\" rel=\"noopener noreferrer\">Informe anual 2018 del Acuerdo de transparencia sobre el uso de animales en experimentaci\u00f3n cient\u00edfica en Espa\u00f1a<\/a><\/li>\n<li style=\"text-align: justify\"><a href=\"https:\/\/twitter.com\/organoevaluador\/status\/1065521968374603776?s=20\" target=\"_blank\" rel=\"noopener noreferrer\">\u00bfPor qu\u00e9 usar ratones en investigaci\u00f3n?<\/a><\/li>\n<li style=\"text-align: justify\"><a href=\"https:\/\/twitter.com\/organoevaluador\/status\/1068124572556365825?s=20\" target=\"_blank\" rel=\"noopener noreferrer\">Investigar con animales en Espa\u00f1a es dificil\u00edsimo, y as\u00ed debe ser<\/a><\/li>\n<li style=\"text-align: justify\"><a href=\"https:\/\/oir.umh.es\/2019\/01\/09\/directrices-para-el-tratamiento-de-animales-en-la-investigacion-y-la-ensenanza-del-comportamiento\/\" target=\"_blank\" rel=\"noopener noreferrer\">Directrices para el tratamiento de animales en la investigaci\u00f3n y la ense\u00f1anza del comportamiento<\/a><\/li>\n<li style=\"text-align: justify\"><a href=\"https:\/\/oir.umh.es\/2019\/01\/23\/epaa-3rs-awards-2017\/\" target=\"_blank\" rel=\"noopener noreferrer\">Premio sobre refinamiento de EPAA (European Partnership for Alternative Approaches to Animal Testing)<\/a><\/li>\n<li style=\"text-align: justify\"><a href=\"https:\/\/oir.umh.es\/2019\/02\/07\/estudio-del-autismo-in-vitro-como-alternativa-a-la-experimentacion-animal\/\" target=\"_blank\" rel=\"noopener noreferrer\">Estudio del autismo <em>in vitro<\/em> como alternativa a la experimentaci\u00f3n animal<\/a><\/li>\n<li style=\"text-align: justify\"><a href=\"https:\/\/oir.umh.es\/2019\/04\/17\/informe-de-eurl-ecvam-sobre-el-estado-del-desarrollo-validacion-y-aceptacion-regulatoria-de-los-metodos-alternativos-y-sus-aproximaciones-2018\/\" target=\"_blank\" rel=\"noopener noreferrer\">Informe de EURL ECVAM sobre el estado del desarrollo, validaci\u00f3n y aceptaci\u00f3n regulatoria de los m\u00e9todos alternativos y sus aproximaciones (2018)<\/a><\/li>\n<li style=\"text-align: justify\"><a href=\"https:\/\/oir.umh.es\/2019\/04\/25\/criterios-de-punto-final-para-modelos-animales-de-ela\/\" target=\"_blank\" rel=\"noopener noreferrer\">Criterios de punto final para modelos animales de ELA<\/a><\/li>\n<li style=\"text-align: justify\"><a href=\"https:\/\/twitter.com\/organoevaluador\/status\/1121686510003265536?s=20\" target=\"_blank\" rel=\"noopener noreferrer\">Infograf\u00eda sobre el papel fundamental de los animales para desarrollar nuevas vacunas y salvar millones de vidas cada a\u00f1o<\/a><\/li>\n<li style=\"text-align: justify\"><a href=\"https:\/\/oir.umh.es\/2019\/05\/13\/aprendizaje-automatico-para-refinar-los-criterios-de-punto-final\/\" target=\"_blank\" rel=\"noopener noreferrer\">Aprendizaje autom\u00e1tico para refinar los criterios de punto final<\/a><\/li>\n<li style=\"text-align: justify\"><a href=\"https:\/\/comunicacion.umh.es\/2019\/05\/02\/la-umh-renueva-su-presencia-en-la-comision-autonomica-de-bienestar-de-los-animales-de-experimentacion\/\" target=\"_blank\" rel=\"noopener noreferrer\">La UMH renueva su presencia en la Comisi\u00f3n Auton\u00f3mica de Bienestar de los Animales de Experimentaci\u00f3n<\/a><\/li>\n<li style=\"text-align: justify\"><a href=\"https:\/\/twitter.com\/organoevaluador\/status\/1128560474440773632?s=20\" target=\"_blank\" rel=\"noopener noreferrer\">Percepciones frente a realidad en la investigaci\u00f3n con animales. Un folleto divulgativo que pretende aclarar algunos mitos err\u00f3neos sobre el uso de animales en investigaci\u00f3n biom\u00e9dica<\/a><\/li>\n<li style=\"text-align: justify\"><a href=\"https:\/\/twitter.com\/organoevaluador\/status\/1136197080609898496?s=20\" target=\"_blank\" rel=\"noopener noreferrer\">La formaci\u00f3n continua es la mejor manera de avanzar en la aplicaci\u00f3n de las 3 erres: Reemplazo, Reducci\u00f3n y Refinamiento<\/a><\/li>\n<li style=\"text-align: justify\"><a href=\"https:\/\/twitter.com\/organoevaluador\/status\/1136909076921757696?s=20\">\u00bfAmas a los animales? Apoya la la investigaci\u00f3n con animales. Nueva inciativa de Foundation for Biomedical Research<\/a><\/li>\n<li style=\"text-align: justify\"><a href=\"https:\/\/oir.umh.es\/2019\/06\/28\/fish-behaviour-index-fbi\/\" target=\"_blank\" rel=\"noopener noreferrer\">Fish Behaviour Index (FBI): Un interesante software para valorar el bienestar del pez cebra de manera fiable, lo que permite refinar los procedimientos.<\/a><\/li>\n<li style=\"text-align: justify\"><a href=\"https:\/\/twitter.com\/organoevaluador\/status\/1148504141871931393?s=20\" target=\"_blank\" rel=\"noopener noreferrer\">La investigaci\u00f3n con modelos animales, vital para las enfermedades raras<\/a><\/li>\n<li style=\"text-align: justify\"><a href=\"https:\/\/twitter.com\/organoevaluador\/status\/1151474689312792576?s=20\" target=\"_blank\" rel=\"noopener noreferrer\">La gu\u00eda ARRIVE est\u00e1 siendo revisada para mejorar su impacto en la calidad de las publicaciones cient\u00edficas que implican el uso de animales<\/a><\/li>\n<li style=\"text-align: justify\"><a href=\"https:\/\/twitter.com\/organoevaluador\/status\/1151834175865085952?s=20\" target=\"_blank\" rel=\"noopener noreferrer\">S\u00ed, el sexo pueden condicionar los resultados en la investigaci\u00f3n con animales. \u00bfLo tienes en cuenta?<\/a><\/li>\n<\/ul>\n<p>[\/et_pb_text][et_pb_text admin_label=&#8221;Resultados Hamelin&#8221; _builder_version=&#8221;4.17.4&#8243; _module_preset=&#8221;default&#8221; hover_enabled=&#8221;0&#8243; global_colors_info=&#8221;{}&#8221; sticky_enabled=&#8221;0&#8243;]<\/p>\n<h3><strong>Uso de animales en experimentaci\u00f3n en la UMH en el a\u00f1o 2018<\/strong><\/h3>\n<p style=\"text-align: justify\">El n\u00famero de animales utilizados por primera vez (en su primer uso) con fines de investigaci\u00f3n y ensayo, para docencia, as\u00ed como para la creaci\u00f3n y el mantenimiento de l\u00edneas animales gen\u00e9ticamente alteradas en la UMH ha sido superior a los 10.000 animales en el a\u00f1o 2018. Sin embargo, se observa una ligera tendencia a la baja en comparaci\u00f3n con el a\u00f1o 2017 (n = 13176 usos).<\/p>\n<p style=\"text-align: justify\">El a\u00f1o 2018, los animales usados en la Universidad Miguel Hern\u00e1ndez representaron un 1,44% del total usado en Espa\u00f1a en 2018 (n = 836.096). Los mam\u00edferos han constituido un 94,3% (n = 11402) de los animales usados en experimentaci\u00f3n, siendo las especies utilizadas: el rat\u00f3n, la rata, el hur\u00f3n, la cobaya, el conejo y el cerdo. Los peces han constituido el 5,7% (n = 684) de los animales restantes.<\/p>\n<p><img loading=\"lazy\" class=\"aligncenter wp-image-1473\" src=\"https:\/\/oir.umh.es\/files\/2020\/06\/imagen_tabla1819.png\" alt=\"n\u00famero animales UMH 2018\" width=\"641\" height=\"400\" \/><\/p>\n<p style=\"text-align: justify\">El siguiente gr\u00e1fico representa la proporci\u00f3n de animales que ha sido sometida a un <strong>procedimiento con un determinado grado de severidad<\/strong>. Se observa que el grado de severidad de los procedimientos que predomina es &#8220;Sin recuperaci\u00f3n&#8221; con 4242 animales (35,1%), seguido de la severidad &#8220;Moderada&#8221; (n = 3075, 30,65%), severidad &#8220;Leve&#8221; (n = 2598, 21,5%) y, por \u00faltimo, &#8220;Severa&#8221; con 1541 animales (12,75%). En el informe de 2018 del Ministerio de Agricultura, Pesca y Alimentaci\u00f3n, el porcentaje de procedimientos &#8220;Sin recuperaci\u00f3n&#8221; y &#8220;Leve (como m\u00e1ximo)&#8221; se desv\u00edan considerablemente de los de la UMH (&#8220;Sin recuperaci\u00f3n&#8221; 4,75%, y &#8220;Leve (como m\u00e1ximo)&#8221; 52,12%); mientras que el porcentaje de procedimientos con severidad &#8220;Moderada&#8221; y &#8220;Severa&#8221; es similar: 35,90% y 7,22%, respectivamente.<\/p>\n<p><img loading=\"lazy\" class=\"aligncenter wp-image-1502\" src=\"https:\/\/oir.umh.es\/files\/2020\/06\/circ_sev18new.png\" alt=\"\" width=\"493\" height=\"370\" \/><\/p>\n<p style=\"text-align: justify\">En cuanto a la informaci\u00f3n recogida respecto a la finalidad cient\u00edfica del uso de los animales, destaca el uso de la investigaci\u00f3n b\u00e1sica (81%) predominando la investigaci\u00f3n en el &#8220;Sistema nervioso&#8221;. La investigaci\u00f3n traslacional y aplicada este a\u00f1o solamente ha representado el 7,2% de los usos, siendo la &#8220;Enfermedad de los animales&#8221; el principal campo de investigaci\u00f3n.<\/p>\n<p><img loading=\"lazy\" class=\"aligncenter wp-image-1509\" src=\"https:\/\/oir.umh.es\/files\/2020\/06\/graf_circular18_recort-285x300.jpg\" alt=\"\" width=\"318\" height=\"334\" \/><\/p>\n<p>Se puede encontrar m\u00e1s informaci\u00f3n en el informe de transparencia que se encuentra al principio de esta p\u00e1gina.<\/p>\n<p><strong>Informaci\u00f3n relativa al uso de animales de experimentaci\u00f3n en Espa\u00f1a<\/strong><\/p>\n<ul>\n<li><a href=\"https:\/\/www.mapa.gob.es\/es\/ganaderia\/temas\/produccion-y-mercados-ganaderos\/20191105informeart40rd53_2013_tcm30-520625.pdf\" target=\"_blank\" rel=\"noopener noreferrer\">Informe de 2018<\/a><\/li>\n<li><a href=\"https:\/\/www.mapa.gob.es\/es\/ganaderia\/temas\/produccion-y-mercados-ganaderos\/bienestanimal\/en-la-investigacion\/Informes_y_publicaciones.aspx\" target=\"_blank\" rel=\"noopener noreferrer\">Informes anteriores<\/a><\/li>\n<\/ul>\n<p><strong>Informaci\u00f3n relativa al uso de animales de experimentaci\u00f3n en Europa<\/strong><\/p>\n<ul>\n<li><a href=\"https:\/\/op.europa.eu\/s\/n7m3\" target=\"_blank\" rel=\"noopener noreferrer\">Informe de la Comisi\u00f3n al Parlamento Europeo y al Consejo. Informe de 2019 sobre las estad\u00edsticas relativas al uso de animales con fines cient\u00edficos en los Estados miembros de la Uni\u00f3n Europea en 2015-2017.<\/a><\/li>\n<li>An\u00e1lisis de las estad\u00edsticas de la Uni\u00f3n Europea en el art\u00edculo publicado en la revista ALTEX: <a href=\"https:\/\/www.altex.org\/index.php\/altex\/article\/view\/1755\/1722\"><span class=\"fontstyle0\">New European Union Statistics on Laboratory Animal Use \u2013 What Really Counts!<\/span><\/a><\/li>\n<\/ul>\n<p>[\/et_pb_text][\/et_pb_column][et_pb_column type=&#8221;1_4&#8243; _builder_version=&#8221;4.16&#8243; global_colors_info=&#8221;{}&#8221;][et_pb_image src=&#8221;https:\/\/rri.umh.es\/files\/2024\/09\/imagenes_rri1_Pagina_2.png&#8221; alt=&#8221;Informaci\u00f3n Indicadores RRI&#8221; title_text=&#8221;Informaci\u00f3n Indicadores RRI&#8221; url=&#8221;https:\/\/rri.umh.es\/indicadores-rri\/&#8221; admin_label=&#8221;menu rri&#8221; _builder_version=&#8221;4.17.4&#8243; _module_preset=&#8221;default&#8221; custom_margin=&#8221;||16px|||&#8221; global_colors_info=&#8221;{}&#8221;][\/et_pb_image][et_pb_image src=&#8221;https:\/\/rri.umh.es\/files\/2024\/09\/imagenes_rri1_Pagina_1.png&#8221; alt=&#8221;\u00c9tica e Integridad en la Investigaci\u00f3n&#8221; title_text=&#8221;\u00c9tica e Integridad en la Investigaci\u00f3n&#8221; url=&#8221;https:\/\/rri.umh.es\/etica-integridad-investigacion\/&#8221; admin_label=&#8221;menu etica&#8221; _builder_version=&#8221;4.17.4&#8243; _module_preset=&#8221;default&#8221; custom_margin=&#8221;-5px||11px|||&#8221; global_colors_info=&#8221;{}&#8221;][\/et_pb_image][et_pb_image src=&#8221;https:\/\/rri.umh.es\/files\/2024\/09\/imagenes_rri1_Pagina_3.png&#8221; alt=&#8221;C\u00f3digo de Buenas Pr\u00e1cticas Cient\u00edficas&#8221; title_text=&#8221;C\u00f3digo de Buenas Pr\u00e1cticas Cient\u00edficas&#8221; url=&#8221;https:\/\/rri.umh.es\/codigo-de-buenas-practicas-cientificas\/&#8221; admin_label=&#8221;menu cbpc&#8221; _builder_version=&#8221;4.17.4&#8243; _module_preset=&#8221;default&#8221; custom_margin=&#8221;12px||13px|||&#8221; global_colors_info=&#8221;{}&#8221;][\/et_pb_image][et_pb_image src=&#8221;https:\/\/rri.umh.es\/files\/2024\/09\/imagenes_rri1_Pagina_4.png&#8221; alt=&#8221;Acuerdo de transparencia sobre el uso de animales en investigaci\u00f3n&#8221; title_text=&#8221;Acuerdo de transparencia sobre el uso de animales en investigaci\u00f3n&#8221; url=&#8221;https:\/\/rri.umh.es\/acuerdo-transparencia-uso-animales-investigacion\/&#8221; admin_label=&#8221;menu transparencia&#8221; _builder_version=&#8221;4.17.4&#8243; _module_preset=&#8221;default&#8221; custom_margin=&#8221;||13px|||&#8221; global_colors_info=&#8221;{}&#8221;][\/et_pb_image][et_pb_button button_url=&#8221;https:\/\/rri.umh.es\/&#8221; button_text=&#8221;Volver a Inicio&#8221; admin_label=&#8221;Bot\u00f3n inicio&#8221; _builder_version=&#8221;4.17.4&#8243; _module_preset=&#8221;default&#8221; global_colors_info=&#8221;{}&#8221;][\/et_pb_button][\/et_pb_column][\/et_pb_row][\/et_pb_section]<\/p>\n","protected":false},"excerpt":{"rendered":"<p>Actividades de divulgaci\u00f3n, formaci\u00f3n y promoci\u00f3n de las 3R en 2018\/19 &nbsp; Informe de transparencia Uso de animales con fines cient\u00edficos en la UMH en los a\u00f1os 2017 y 2018 \u00a0 Buscador de estudios con animales en la UMH: http:\/\/research.umh.es\/vivo\/ Instrucciones de uso: En el caj\u00f3n buscador introducir la especie animal y el a\u00f1o. Ejemplo: [&hellip;]<\/p>\n","protected":false},"author":5126,"featured_media":0,"parent":8929,"menu_order":0,"comment_status":"closed","ping_status":"closed","template":"","meta":{"_et_pb_use_builder":"on","_et_pb_old_content":"","_et_gb_content_width":"","_links_to":"","_links_to_target":""},"_links":{"self":[{"href":"https:\/\/rri.umh.es\/ca\/wp-json\/wp\/v2\/pages\/10333"}],"collection":[{"href":"https:\/\/rri.umh.es\/ca\/wp-json\/wp\/v2\/pages"}],"about":[{"href":"https:\/\/rri.umh.es\/ca\/wp-json\/wp\/v2\/types\/page"}],"author":[{"embeddable":true,"href":"https:\/\/rri.umh.es\/ca\/wp-json\/wp\/v2\/users\/5126"}],"replies":[{"embeddable":true,"href":"https:\/\/rri.umh.es\/ca\/wp-json\/wp\/v2\/comments?post=10333"}],"version-history":[{"count":0,"href":"https:\/\/rri.umh.es\/ca\/wp-json\/wp\/v2\/pages\/10333\/revisions"}],"up":[{"embeddable":true,"href":"https:\/\/rri.umh.es\/ca\/wp-json\/wp\/v2\/pages\/8929"}],"wp:attachment":[{"href":"https:\/\/rri.umh.es\/ca\/wp-json\/wp\/v2\/media?parent=10333"}],"curies":[{"name":"wp","href":"https:\/\/api.w.org\/{rel}","templated":true}]}}