{"id":351,"date":"2020-03-23T10:32:04","date_gmt":"2020-03-23T09:32:04","guid":{"rendered":"https:\/\/pdc.umh.es\/?page_id=351"},"modified":"2025-01-29T11:18:42","modified_gmt":"2025-01-29T10:18:42","slug":"prueba","status":"publish","type":"page","link":"https:\/\/rri.umh.es\/ca\/","title":{"rendered":"Home"},"content":{"rendered":"<p>[et_pb_section fb_built=&#8221;1&#8243; fullwidth=&#8221;on&#8221; _builder_version=&#8221;4.16&#8243; global_colors_info=&#8221;{}&#8221;][et_pb_fullwidth_image src=&#8221;https:\/\/rri.umh.es\/files\/2025\/01\/Untitled-5-2.png&#8221; alt=&#8221;Universidad Miguel Hern\u00e1ndez Web de Transparencia Universitaria&#8221; title_text=&#8221;Untitled (5) (2)&#8221; url=&#8221;https:\/\/rri.umh.es&#8221; admin_label=&#8221;Imagen de anchura completa&#8221; _builder_version=&#8221;4.17.4&#8243; hover_enabled=&#8221;0&#8243; global_colors_info=&#8221;{}&#8221; sticky_enabled=&#8221;0&#8243;][\/et_pb_fullwidth_image][\/et_pb_section][et_pb_section fb_built=&#8221;1&#8243; _builder_version=&#8221;4.16&#8243; width=&#8221;100%&#8221; global_colors_info=&#8221;{}&#8221;][et_pb_row column_structure=&#8221;1_4,1_4,1_4,1_4&#8243; _builder_version=&#8221;4.16&#8243; global_colors_info=&#8221;{}&#8221;][et_pb_column type=&#8221;1_4&#8243; _builder_version=&#8221;4.16&#8243; global_colors_info=&#8221;{}&#8221;][et_pb_image src=&#8221;https:\/\/rri.umh.es\/files\/2024\/09\/imagenes_rri1_Pagina_2.png&#8221; alt=&#8221;Informaci\u00f3n Indicadores RRI&#8221; title_text=&#8221;Informaci\u00f3n Indicadores RRI&#8221; url=&#8221;https:\/\/rri.umh.es\/indicadores-rri&#8221; use_overlay=&#8221;on&#8221; overlay_icon_color=&#8221;#e4bf3f&#8221; hover_icon=&#8221;&#x4c;||divi||400&#8243; admin_label=&#8221;Indicadores RRI&#8221; _builder_version=&#8221;4.17.4&#8243; width=&#8221;100%&#8221; global_colors_info=&#8221;{}&#8221;][\/et_pb_image][\/et_pb_column][et_pb_column type=&#8221;1_4&#8243; _builder_version=&#8221;4.16&#8243; global_colors_info=&#8221;{}&#8221;][et_pb_image src=&#8221;https:\/\/rri.umh.es\/files\/2024\/09\/imagenes_rri1_Pagina_1.png&#8221; alt=&#8221;\u00c9tica e Integridad en la Investigaci\u00f3n&#8221; title_text=&#8221;\u00c9tica e Integridad en la Investigaci\u00f3n&#8221; url=&#8221;https:\/\/rri.umh.es\/etica-integridad-investigacion\/&#8221; use_overlay=&#8221;on&#8221; overlay_icon_color=&#8221;#587bbb&#8221; hover_icon=&#8221;&#x4c;||divi||400&#8243; admin_label=&#8221;\u00c9tica e integridad en la investigaci\u00f3n&#8221; _builder_version=&#8221;4.17.4&#8243; width=&#8221;100%&#8221; global_colors_info=&#8221;{}&#8221;][\/et_pb_image][\/et_pb_column][et_pb_column type=&#8221;1_4&#8243; _builder_version=&#8221;4.16&#8243; global_colors_info=&#8221;{}&#8221;][et_pb_image src=&#8221;https:\/\/rri.umh.es\/files\/2024\/09\/imagenes_rri1_Pagina_3.png&#8221; alt=&#8221;C\u00f3digo de Buenas Pr\u00e1cticas Cient\u00edficas&#8221; title_text=&#8221;C\u00f3digo de Buenas Pr\u00e1cticas Cient\u00edficas&#8221; url=&#8221;https:\/\/rri.umh.es\/codigo-de-buenas-practicas-cientificas&#8221; use_overlay=&#8221;on&#8221; overlay_icon_color=&#8221;#5ca17e&#8221; hover_icon=&#8221;&#x4c;||divi||400&#8243; admin_label=&#8221;C\u00f3digo de Buenas Pr\u00e1cticas Cient\u00edficas&#8221; _builder_version=&#8221;4.17.4&#8243; width=&#8221;100%&#8221; global_colors_info=&#8221;{}&#8221;][\/et_pb_image][\/et_pb_column][et_pb_column type=&#8221;1_4&#8243; _builder_version=&#8221;4.16&#8243; global_colors_info=&#8221;{}&#8221;][et_pb_image src=&#8221;https:\/\/rri.umh.es\/files\/2024\/09\/imagenes_rri1_Pagina_4.png&#8221; alt=&#8221;Acuerdo de transparencia sobre el uso de animales en investigaci\u00f3n&#8221; title_text=&#8221;Acuerdo de transparencia sobre el uso de animales en investigaci\u00f3n&#8221; url=&#8221;https:\/\/rri.umh.es\/acuerdo-transparencia-uso-animales-investigacion\/&#8221; use_overlay=&#8221;on&#8221; overlay_icon_color=&#8221;#e64b71&#8243; hover_icon=&#8221;&#x4c;||divi||400&#8243; admin_label=&#8221;Acuerdo de transparencia sobre el uso de animales en investigaci\u00f3n&#8221; _builder_version=&#8221;4.17.4&#8243; width=&#8221;100%&#8221; global_colors_info=&#8221;{}&#8221;][\/et_pb_image][\/et_pb_column][\/et_pb_row][et_pb_row _builder_version=&#8221;4.16&#8243; global_colors_info=&#8221;{}&#8221;][et_pb_column type=&#8221;4_4&#8243; _builder_version=&#8221;4.16&#8243; global_colors_info=&#8221;{}&#8221;][et_pb_text _builder_version=&#8221;4.17.4&#8243; global_colors_info=&#8221;{}&#8221;]<\/p>\n<h1>Portal RRI: Investigaci\u00f3n e Innovaci\u00f3n Responsable en la UMH<\/h1>\n<p>&nbsp;<\/p>\n<p>&nbsp;<\/p>\n<p>[\/et_pb_text][\/et_pb_column][\/et_pb_row][et_pb_row _builder_version=&#8221;4.16&#8243; global_colors_info=&#8221;{}&#8221;][et_pb_column type=&#8221;4_4&#8243; _builder_version=&#8221;4.16&#8243; global_colors_info=&#8221;{}&#8221;][\/et_pb_column][\/et_pb_row][et_pb_row _builder_version=&#8221;4.16&#8243; global_colors_info=&#8221;{}&#8221;][et_pb_column type=&#8221;4_4&#8243; _builder_version=&#8221;4.16&#8243; global_colors_info=&#8221;{}&#8221;][\/et_pb_column][\/et_pb_row][\/et_pb_section]<\/p>\n","protected":false},"excerpt":{"rendered":"<p>Portal RRI: Investigaci\u00f3n e Innovaci\u00f3n Responsable en la UMH &nbsp; &nbsp;<\/p>\n","protected":false},"author":1159,"featured_media":0,"parent":0,"menu_order":0,"comment_status":"closed","ping_status":"closed","template":"","meta":{"_et_pb_use_builder":"on","_et_pb_old_content":"<p>[et_pb_section fb_built=\"1\" fullwidth=\"on\" _builder_version=\"4.16\" global_colors_info=\"{}\"][et_pb_fullwidth_image src=\"https:\/\/rri.umh.es\/files\/2023\/10\/BANNER-WEB-RRI.png\" alt=\"Universidad Miguel Hern\u00e1ndez Web de Transparencia Universitaria\" title_text=\"BANNER-WEB-RRI\" url=\"https:\/\/transparencia.umh.es\" admin_label=\"Imagen de anchura completa\" _builder_version=\"4.17.4\" global_colors_info=\"{}\"][\/et_pb_fullwidth_image][\/et_pb_section][et_pb_section fb_built=\"1\" _builder_version=\"4.16\" width=\"100%\" global_colors_info=\"{}\"][et_pb_row column_structure=\"1_5,1_5,1_5,1_5,1_5\" _builder_version=\"4.16\" global_colors_info=\"{}\"][et_pb_column type=\"1_5\" _builder_version=\"4.16\" global_colors_info=\"{}\"][et_pb_image src=\"https:\/\/rri.umh.es\/files\/2023\/10\/IRIU.png\" alt=\"Acceso a Informaci\u00f3n econ\u00f3mica, presupuestaria y estad\u00edstica\" title_text=\"IRIU\" url=\"http:\/\/rri.umh.es\/#\" use_overlay=\"on\" overlay_icon_color=\"#e4bf3f\" hover_icon=\"L||divi||400\" admin_label=\"Informaci\u00f3n econ\u00f3mica, presupuestaria y estad\u00edstica\" _builder_version=\"4.17.4\" width=\"100%\" global_colors_info=\"{}\"][\/et_pb_image][\/et_pb_column][et_pb_column type=\"1_5\" _builder_version=\"4.16\" global_colors_info=\"{}\"][et_pb_image src=\"https:\/\/rri.umh.es\/files\/2023\/10\/BOTON-ods.png\" alt=\"Acceso a Informaci\u00f3n de relevancia jur\u00eddica\" title_text=\"BOTON-ods\" url=\"http:\/\/rri.umh.es\/#\" use_overlay=\"on\" overlay_icon_color=\"#587bbb\" hover_icon=\"L||divi||400\" admin_label=\"Informaci\u00f3n de relevancia jur\u00eddica\" _builder_version=\"4.17.4\" width=\"100%\" global_colors_info=\"{}\"][\/et_pb_image][\/et_pb_column][et_pb_column type=\"1_5\" _builder_version=\"4.16\" global_colors_info=\"{}\"][et_pb_image src=\"https:\/\/rri.umh.es\/files\/2020\/11\/BUEN-GOBIERNO_1.jpg\" alt=\"Acceso a Informaci\u00f3n institucional organizativa y de planificaci\u00f3n\" title_text=\"BUEN GOBIERNO_1\" url=\"http:\/\/rri.umh.es\/#\" use_overlay=\"on\" overlay_icon_color=\"#5ca17e\" hover_icon=\"L||divi||400\" admin_label=\"Informaci\u00f3n institucional organizativa y de planificaci\u00f3n\" _builder_version=\"4.17.4\" width=\"100%\" global_colors_info=\"{}\"][\/et_pb_image][\/et_pb_column][et_pb_column type=\"1_5\" _builder_version=\"4.16\" global_colors_info=\"{}\"][et_pb_image src=\"https:\/\/rri.umh.es\/files\/2020\/11\/BOTO\u0301N-INSTITUCIONAL.jpg\" alt=\"Acceso a Transparencia y buen gobierno\" title_text=\"BOTO\u0301N INSTITUCIONAL\" url=\"http:\/\/rri.umh.es\/#\" use_overlay=\"on\" overlay_icon_color=\"#e64b71\" hover_icon=\"L||divi||400\" admin_label=\"Transparencia y buen gobierno\" _builder_version=\"4.17.4\" width=\"100%\" global_colors_info=\"{}\"][\/et_pb_image][\/et_pb_column][et_pb_column type=\"1_5\" _builder_version=\"4.16\" global_colors_info=\"{}\"][et_pb_image src=\"https:\/\/rri.umh.es\/files\/2020\/11\/BOTO\u0301N-INSTITUCIONAL.jpg\" alt=\"Acceso a Transparencia y buen gobierno\" title_text=\"BOTO\u0301N INSTITUCIONAL\" url=\"http:\/\/rri.umh.es\/#\" use_overlay=\"on\" overlay_icon_color=\"#e64b71\" hover_icon=\"L||divi||400\" admin_label=\"Transparencia y buen gobierno\" _builder_version=\"4.17.4\" width=\"100%\" global_colors_info=\"{}\"][\/et_pb_image][\/et_pb_column][\/et_pb_row][et_pb_row _builder_version=\"4.16\" global_colors_info=\"{}\"][et_pb_column type=\"4_4\" _builder_version=\"4.16\" global_colors_info=\"{}\"][\/et_pb_column][\/et_pb_row][et_pb_row _builder_version=\"4.16\" global_colors_info=\"{}\"][et_pb_column type=\"4_4\" _builder_version=\"4.16\" global_colors_info=\"{}\"][et_pb_text _builder_version=\"4.17.4\" global_colors_info=\"{}\"]<\/p><h1>Portal de Transparencia sobre la Investigaci\u00f3n e Innovaci\u00f3n en la UMH<\/h1><p>La Universidad Miguel Hern\u00e1ndez de Elche presenta su portal de transparencia, una apuesta firme en su compromiso por acercar la Universidad a la Sociedad. Este proyecto pone a disposici\u00f3n de todos los ciudadanos los datos sobre la actividad econ\u00f3mica y administrativa de nuestra Universidad, as\u00ed como otros datos de inter\u00e9s p\u00fablico como convocatorias de selecci\u00f3n de personal, las bandas salariales, los estatutos o el estado de cuentas. La Universidad Miguel Hern\u00e1ndez de Elche, en cumplimiento con la Ley de Transparencia 19\/2013 y la ley 1\/2022 de la Comunidad Valenciana, continuar\u00e1 trabajando en este portal para que los usuarios puedan consultar y solicitar informaci\u00f3n sobre la actividad que realiza la Universidad. Si desea conocer informaci\u00f3n m\u00e1s espec\u00edfica puede solicitar acceso a informaci\u00f3n p\u00fablica a trav\u00e9s del siguiente portal:<\/p><p>\u00a0<\/p><p>[\/et_pb_text][et_pb_button button_url=\"https:\/\/sede.umh.es\/procedimientos\/derecho-de-acceso-a-la-informacion-publica\/\" url_new_window=\"on\" button_text=\"Acceso a Informaci\u00f3n P\u00fablica\" button_alignment=\"center\" disabled_on=\"on|on|on\" _builder_version=\"4.17.4\" custom_button=\"on\" button_border_width=\"1px\" button_border_radius=\"1px\" button_use_icon=\"off\" disabled=\"on\" global_colors_info=\"{}\"][\/et_pb_button][\/et_pb_column][\/et_pb_row][et_pb_row _builder_version=\"4.16\" global_colors_info=\"{}\"][et_pb_column type=\"4_4\" _builder_version=\"4.16\" global_colors_info=\"{}\"][\/et_pb_column][\/et_pb_row][et_pb_row _builder_version=\"4.16\" global_colors_info=\"{}\"][et_pb_column type=\"4_4\" _builder_version=\"4.16\" global_colors_info=\"{}\"][\/et_pb_column][\/et_pb_row][\/et_pb_section]<\/p>","_et_gb_content_width":"","_links_to":"","_links_to_target":""},"_links":{"self":[{"href":"https:\/\/rri.umh.es\/ca\/wp-json\/wp\/v2\/pages\/351"}],"collection":[{"href":"https:\/\/rri.umh.es\/ca\/wp-json\/wp\/v2\/pages"}],"about":[{"href":"https:\/\/rri.umh.es\/ca\/wp-json\/wp\/v2\/types\/page"}],"author":[{"embeddable":true,"href":"https:\/\/rri.umh.es\/ca\/wp-json\/wp\/v2\/users\/1159"}],"replies":[{"embeddable":true,"href":"https:\/\/rri.umh.es\/ca\/wp-json\/wp\/v2\/comments?post=351"}],"version-history":[{"count":0,"href":"https:\/\/rri.umh.es\/ca\/wp-json\/wp\/v2\/pages\/351\/revisions"}],"wp:attachment":[{"href":"https:\/\/rri.umh.es\/ca\/wp-json\/wp\/v2\/media?parent=351"}],"curies":[{"name":"wp","href":"https:\/\/api.w.org\/{rel}","templated":true}]}}