{"id":10279,"date":"2025-01-16T16:36:43","date_gmt":"2025-01-16T15:36:43","guid":{"rendered":"https:\/\/rri.umh.es\/?page_id=10279"},"modified":"2025-01-16T16:36:49","modified_gmt":"2025-01-16T15:36:49","slug":"divulgacion-formacion-2020","status":"publish","type":"page","link":"https:\/\/rri.umh.es\/en\/acuerdo-transparencia-uso-animales-investigacion\/divulgacion-formacion-2020\/","title":{"rendered":"Borrador autom\u00e1tico"},"content":{"rendered":"<p>[et_pb_section fb_built=&#8221;1&#8243; fullwidth=&#8221;on&#8221; _builder_version=&#8221;4.16&#8243; global_colors_info=&#8221;{}&#8221; theme_builder_area=&#8221;post_content&#8221;][et_pb_fullwidth_image src=&#8221;https:\/\/rri.umh.es\/files\/2024\/09\/BANNER-WEB-DE-TRANSPARENCIA-1024&#215;91-1.png&#8221; alt=&#8221;Banner&#8221; title_text=&#8221;BANNER-WEB-DE-TRANSPARENCIA-1024&#215;91&#8243; admin_label=&#8221;banner&#8221; _builder_version=&#8221;4.17.4&#8243; global_colors_info=&#8221;{}&#8221; theme_builder_area=&#8221;post_content&#8221;][\/et_pb_fullwidth_image][\/et_pb_section][et_pb_section fb_built=&#8221;1&#8243; _builder_version=&#8221;4.16&#8243; global_colors_info=&#8221;{}&#8221; theme_builder_area=&#8221;post_content&#8221;][et_pb_row column_structure=&#8221;3_4,1_4&#8243; _builder_version=&#8221;4.16&#8243; global_colors_info=&#8221;{}&#8221; theme_builder_area=&#8221;post_content&#8221;][et_pb_column type=&#8221;3_4&#8243; _builder_version=&#8221;4.16&#8243; global_colors_info=&#8221;{}&#8221; theme_builder_area=&#8221;post_content&#8221;][et_pb_text _builder_version=&#8221;4.17.4&#8243; _module_preset=&#8221;default&#8221; hover_enabled=&#8221;0&#8243; global_colors_info=&#8221;{}&#8221; theme_builder_area=&#8221;post_content&#8221; sticky_enabled=&#8221;0&#8243;]<\/p>\n<h3><strong>Actividades de divulgaci\u00f3n, formaci\u00f3n y promoci\u00f3n de las 3R en 2020<\/strong><\/h3>\n<p>&nbsp;<\/p>\n<h4><strong>Programas R de Responsable:<\/strong><\/h4>\n<p><a href=\"https:\/\/comunicacion.umh.es\/2020\/05\/18\/arranca-el-programa-de-divulgacion-cientifica-r-de-responsable-de-la-oficina-de-investigacion-responsable\/\" target=\"_blank\" rel=\"noopener noreferrer\">Primer programa<\/a>: Del animalario a las residencias de ancianos, la crisis de la COVID-19<\/p>\n<iframe loading=\"lazy\"  id=\"_ytid_19922\"  width=\"800\" height=\"450\"  data-origwidth=\"800\" data-origheight=\"450\" src=\"https:\/\/www.youtube.com\/embed\/rh1tK-rhjBA?enablejsapi=1&autoplay=0&cc_load_policy=0&cc_lang_pref=&iv_load_policy=1&loop=0&modestbranding=0&rel=1&fs=1&playsinline=0&autohide=2&theme=dark&color=red&controls=1&\" class=\"__youtube_prefs__  no-lazyload\" title=\"YouTube player\"  allow=\"accelerometer; autoplay; clipboard-write; encrypted-media; gyroscope; picture-in-picture\" allowfullscreen data-no-lazy=\"1\" data-skipgform_ajax_framebjll=\"\"><\/iframe>\n<h4><strong>Informe de transparencia:<\/strong><\/h4>\n<p><a href=\"https:\/\/oir.umh.es\/files\/2022\/07\/INFORME-ANIMALES-20.pdf\">Uso de animales con fines cient\u00edficos en la UMH en el a\u00f1o 2020<\/a><\/p>\n<p><strong>Establecimiento de una <a href=\"https:\/\/oir.umh.es\/ayuda\/investigacion-animales\/guia-de-realizacion-de-protocolo-de-supervision\/\">Gu\u00eda para realizar los protocolos de supervisi\u00f3n y criterios de punto final.<\/a><\/strong><\/p>\n<ul>\n<li>Par\u00e1metros: opcionales, obligatorios generales y obligatorios espec\u00edficos del procedimiento.<\/li>\n<li>Medidas correctoras<\/li>\n<li>Criterios de punto final<\/li>\n<\/ul>\n<p><strong>Publicaci\u00f3n de una <a href=\"https:\/\/oir.umh.es\/ayuda\/investigacion-animales\/guia-de-busqueda-de-metodos-alternativos\/\">Gu\u00eda de b\u00fasqueda de m\u00e9todos alternativos en investigaci\u00f3n animal.<\/a><\/strong><\/p>\n<ul>\n<li>Estrategia de b\u00fasqueda piramidal\n<ul>\n<li>Fase 1: B\u00fasqueda en bases de datos de valor a\u00f1adido (espec\u00edficas de m\u00e9todos alternativos)<\/li>\n<li>Fase 2: B\u00fasqueda en bases de datos de cobertura amplia limitada por nosotros<\/li>\n<li>Fase 3: B\u00fasqueda en bases de datos de cobertura amplia y muy amplia sin limitar<\/li>\n<\/ul>\n<\/li>\n<li>Tutorial<br \/><iframe loading=\"lazy\"  id=\"_ytid_10754\"  width=\"800\" height=\"450\"  data-origwidth=\"800\" data-origheight=\"450\" src=\"https:\/\/www.youtube.com\/embed\/drHKk9k79HM?enablejsapi=1&autoplay=0&cc_load_policy=0&cc_lang_pref=&iv_load_policy=1&loop=0&modestbranding=0&rel=1&fs=1&playsinline=0&autohide=2&theme=dark&color=red&controls=1&\" class=\"__youtube_prefs__  no-lazyload\" title=\"YouTube player\"  allow=\"accelerometer; autoplay; clipboard-write; encrypted-media; gyroscope; picture-in-picture\" allowfullscreen data-no-lazy=\"1\" data-skipgform_ajax_framebjll=\"\"><\/iframe><\/li>\n<\/ul>\n<ul>\n<li style=\"list-style-type: none\">\u00a0<\/li>\n<\/ul>\n<p><strong>Desarrollo de una <a href=\"https:\/\/oir.umh.es\/calculo-del-tamano-muestral\/\">Gu\u00eda para el c\u00e1lculo del tama\u00f1o muestral.<\/a><\/strong><\/p>\n<ul>\n<li>Explicaci\u00f3n de los conceptos elementales:\n<ul>\n<li>Efecto o diferencia<\/li>\n<li>Variabilidad<\/li>\n<li>Potencia o probabilidad de error de tipo II<\/li>\n<li>Nivel de significaci\u00f3n o probabilidad de error de tipo I<\/li>\n<\/ul>\n<\/li>\n<li>Introducci\u00f3n a GPower\n<ul>\n<li>Ejemplo para el c\u00e1lculo muestral en el supuesto de comparaci\u00f3n de medias<\/li>\n<li>Ejemplo para el c\u00e1lculo muestral en el supuesto de comparaci\u00f3n de proporciones<\/li>\n<\/ul>\n<\/li>\n<\/ul>\n<h4><strong>Promoci\u00f3n de las 3 Rs y divulgaci\u00f3n de la utilidad de la investigaci\u00f3n con animales:<\/strong><\/h4>\n<ul>\n<li><a href=\"https:\/\/cosce.org\/wp-content\/uploads\/2020\/12\/Informe-2020-Acuerdo-COSCE.pdf\">Informe anual 2020 del acuerdo COSCE de transparencia<\/a> sobre el uso de animales en experimentaci\u00f3n cient\u00edfica en Espa\u00f1a<\/li>\n<li>Informe de transparencia: <a href=\"https:\/\/oir.umh.es\/files\/2022\/07\/INFORME-ANIMALES-20.pdf\">Uso de animales con fines cient\u00edficos en la <strong>UMH<\/strong> en el a\u00f1o 2020<\/a><\/li>\n<li><a href=\"https:\/\/www.mapa.gob.es\/es\/ganaderia\/temas\/produccion-y-mercados-ganaderos\/informe2020_tcm30-580003.pdf\">Informe estad\u00edstico anual 2020 del uso de animales en la investigaci\u00f3n y docencia<\/a> en <strong>Espa\u00f1a del Ministerio de Agricultura, Pesca y Alimentaci\u00f3n<\/strong><\/li>\n<li><a href=\"https:\/\/oir.umh.es\/files\/2024\/09\/Commission-Staff-Working-Document-Summary-Report-on-the-statistics-on-the-use-of-animals-for-scientific-purposes-in-the-EU-and-Norway-2020-Part-1.pdf\" target=\"_blank\" rel=\"noopener\">Informe estad\u00edstico del uso de animales con fines cient\u00edficos de los <strong>Estados Miembros de la Uni\u00f3n Europea y Noruega<\/strong> en 2020<\/a><\/li>\n<li><a href=\"https:\/\/oir.umh.es\/2020\/06\/11\/informe-uso-de-animales-con-fines-cientificos-en-la-umh-en-los-anos-2017-y-2018\/\">Informe<\/a>: Uso de animales con fines cient\u00edficos en la UMH en los a\u00f1os 2017 y 2018<\/li>\n<\/ul>\n<ul>\n<li>&#8220;Una cuesti\u00f3n de sexo y g\u00e9nero&#8221;. <a href=\"https:\/\/oir.umh.es\/files\/2021\/01\/Paginas_extraidas_revista_secal_85.pdf\">Art\u00edculo en revista SECAL n\u00ba 85.<\/a><\/li>\n<\/ul>\n<ul>\n<li>I Jornada Cient\u00edfica Virtual de la Red de Comit\u00e9s de \u00c9tica de Universidades y OPIs.<br \/><a href=\"https:\/\/oir.umh.es\/2020\/11\/16\/i-jornada-cientifica-virtual-de-la-red-de-comites-de-etica-de-universidades-y-opis\/\">Los comit\u00e9s de \u00e9tica y bioseguridad en tiempos de Covid-19. <\/a><\/li>\n<\/ul>\n<ul>\n<li><a href=\"https:\/\/oir.umh.es\/2020\/09\/23\/congreso-expobioterios-virtual\/\"> Congreso Expobioteros<\/a> virtual 2020: 16-17 Octubre<\/li>\n<\/ul>\n<ul>\n<li>Solicitud de informaci\u00f3n sobre <a href=\"https:\/\/oir.umh.es\/2020\/01\/07\/solicitud-de-informacion-sobre-metodos-alternativos-in-vitro-e-in-silico\/\"> M\u00e9todos Alternativos \u00abin vitro\u00bb e \u00abin silico\u00bb<\/a><\/li>\n<\/ul>\n<ul>\n<li style=\"list-style-type: none\">\n<ul>\n<li>Aprobaci\u00f3n de la nueva versi\u00f3n del <a href=\"https:\/\/oir.umh.es\/codigo-de-buenas-practicas-cientificas\/\"> C\u00f3digo de Buenas Pr\u00e1cticas Cient\u00edficas<\/a> en Consejo Gobierno el d\u00eda 30\/09\/2020<\/li>\n<li>Alternatives to animal testing at the JRC: the <a href=\"https:\/\/publications.jrc.ec.europa.eu\/repository\/handle\/JRC123531\" target=\"_blank\" rel=\"noopener\">2020 status report<\/a> is out<\/li>\n<\/ul>\n<\/li>\n<\/ul>\n<h4><strong>Formaci\u00f3n:<\/strong><\/h4>\n<ul>\n<li>Formaci\u00f3n inicial funciones a, b, c y d a\u00f1o 2020\n<ul>\n<li><a href=\"https:\/\/oir.umh.es\/formacion-etica\/formacion-inicial\/nuevo-iii-edicion-nuevo-formato\/\" target=\"_blank\" rel=\"noopener noreferrer\">III Edici\u00f3n formato Nanom\u00e1ster<\/a><\/li>\n<li><a href=\"https:\/\/oir.umh.es\/formacion-etica\/formacion-inicial\/nuevo-iv-edicion-nuevo-formato\/\" target=\"_blank\" rel=\"noopener noreferrer\">IV Edici\u00f3n formato Nanom\u00e1ster<\/a><\/li>\n<\/ul>\n<\/li>\n<li>Formaci\u00f3n continua:\n<ul>\n<li><a href=\"https:\/\/oir.umh.es\/formacion-etica\/formacion-continua\/nanocursos\/\" target=\"_blank\" rel=\"noopener noreferrer\">Plan de formaci\u00f3n del PAS 2020 e Iniciativa OIR de formaci\u00f3n del PDI\/PI 2020<\/a><\/li>\n<\/ul>\n<\/li>\n<li><a href=\"https:\/\/comunicacion.umh.es\/2020\/01\/16\/seminario-sobre-la-interaccion-inmuno-reproductora-en-peces-teleosteos\/\" target=\"_blank\" rel=\"noopener noreferrer\">Seminario sobre la interacci\u00f3n inmuno-reproductora en peces tele\u00f3steos<\/a><\/li>\n<\/ul>\n<h4><strong>Divulgaci\u00f3n de avances biom\u00e9dicos gracias al uso de animales en investigaci\u00f3n:<\/strong><\/h4>\n<ul>\n<li style=\"list-style-type: none\">\n<ul>\n<li><a href=\"https:\/\/comunicacion.umh.es\/2020\/06\/16\/la-umh-publica-el-informe-sobre-el-uso-de-animales-con-fines-cientificos\/\" target=\"_blank\" rel=\"noopener noreferrer\">La UMH publica el informe sobre el uso de animales con fines cient\u00edficos<\/a><\/li>\n<li><a href=\"https:\/\/comunicacion.umh.es\/2020\/05\/28\/la-compania-iberogen-del-parque-cientifico-lanza-un-test-de-deteccion-del-covid-19-para-animales\/\" target=\"_blank\" rel=\"noopener noreferrer\">La compa\u00f1\u00eda IberoGen del Parque Cient\u00edfico lanza un test de detecci\u00f3n del COVID-19 para animales<\/a><\/li>\n<li><a href=\"https:\/\/comunicacion.umh.es\/2020\/07\/24\/la-generalitat-valenciana-financia-un-proyecto-de-la-umh-para-mejorar-el-tratamiento-de-la-diabetes-tipo-2-y-estudiar-su-relacion-con-el-sexo\/\" target=\"_blank\" rel=\"noopener noreferrer\">La Generalitat Valenciana financia un proyecto de la UMH para mejorar el tratamiento de la diabetes tipo 2 y estudiar su relaci\u00f3n con el sexo<\/a><\/li>\n<li><a href=\"https:\/\/comunicacion.umh.es\/2020\/05\/12\/un-proyecto-europeo-de-la-umh-avanza-en-el-tratamiento-de-infecciones-virales-que-afectan-al-sector-acuicultor\/\" target=\"_blank\" rel=\"noopener noreferrer\">Un proyecto europeo de la UMH avanza en el tratamiento de infecciones virales que afectan al sector acuicultor<\/a><\/li>\n<li><a href=\"https:\/\/comunicacion.umh.es\/2020\/12\/14\/el-estres-en-la-adolescencia-aumenta-la-ansiedad-en-la-vida-adulta-segun-un-estudio-del-instituto-de-neurociencias\/\" target=\"_blank\" rel=\"noopener noreferrer\">El estr\u00e9s en la adolescencia aumenta la ansiedad en la vida adulta, seg\u00fan un estudio del Instituto de Neurociencias<\/a><\/li>\n<li><a href=\"https:\/\/comunicacion.umh.es\/2020\/12\/09\/el-profesor-de-la-umh-antonio-ferrer-montiel-premio-alberto-sols-a-la-mejor-labor-investigadora\/\" target=\"_blank\" rel=\"noopener noreferrer\">El profesor de la UMH Antonio Ferrer Montiel, Premio Alberto Sols a la \u2018Mejor Labor Investigadora\u2019<\/a><\/li>\n<li><a href=\"https:\/\/comunicacion.umh.es\/2020\/11\/16\/investigadores-del-instituto-de-neurociencias-umh-csic-identifican-el-programa-genetico-que-permite-la-vision-en-3d\/\" target=\"_blank\" rel=\"noopener noreferrer\">Investigadores del Instituto de Neurociencias UMH-CSIC identifican el programa gen\u00e9tico que permite la visi\u00f3n en 3D<\/a><\/li>\n<li><a href=\"https:\/\/comunicacion.umh.es\/2020\/10\/22\/una-investigacion-del-instituto-de-neurociencias-abre-la-puerta-a-la-terapia-genetica-de-canceres-cerebrales-en-ninos\/\" target=\"_blank\" rel=\"noopener noreferrer\">Una investigaci\u00f3n del Instituto de Neurociencias abre la puerta a la terapia gen\u00e9tica de c\u00e1nceres cerebrales en ni\u00f1os<\/a><\/li>\n<li><a href=\"https:\/\/comunicacion.umh.es\/2020\/05\/25\/un-estudio-del-instituto-de-neurociencias-descubre-por-que-las-neuronas-mantienen-su-identidad-a-lo-largo-de-toda-la-vida\/\" target=\"_blank\" rel=\"noopener noreferrer\">Un estudio del Instituto de Neurociencias descubre por qu\u00e9 las neuronas mantienen su identidad a lo largo de toda la vida<\/a><\/li>\n<li><a href=\"https:\/\/comunicacion.umh.es\/2020\/02\/19\/un-estudio-de-la-umh-revela-como-se-frena-una-infeccion-virica-en-peces-por-accion-de-una-proteina\/\" target=\"_blank\" rel=\"noopener noreferrer\">Un estudio de la UMH revela c\u00f3mo se frena una infecci\u00f3n v\u00edrica en peces por acci\u00f3n de una prote\u00edna<\/a><\/li>\n<li><a href=\"https:\/\/comunicacion.umh.es\/2020\/02\/13\/la-agencia-estatal-de-investigacion-financia-un-proyecto-de-la-umh-para-buscar-compuestos-antitumorales-y-antivirales-en-peces\/\" target=\"_blank\" rel=\"noopener noreferrer\">La Agencia Estatal de Investigaci\u00f3n financia un proyecto de la UMH para buscar compuestos antitumorales y antivirales en peces<\/a><\/li>\n<li><a href=\"https:\/\/comunicacion.umh.es\/2020\/07\/08\/la-investigadora-del-instituto-de-neurociencias-guillermina-lopez-bendito-nuevo-miembro-de-embo\/\" target=\"_blank\" rel=\"noopener noreferrer\">La investigadora del Instituto de Neurociencias Guillermina L\u00f3pez Bendito, nueva integrante de EMBO<\/a><\/li>\n<li><a href=\"https:\/\/comunicacion.umh.es\/2020\/06\/09\/la-investigadora-guillermina-lopez-bendito-del-instituto-de-neurociencias-premiada-por-la-fundacion-banco-sabadell\/\" target=\"_blank\" rel=\"noopener noreferrer\">La investigadora Guillermina L\u00f3pez Bendito del Instituto de Neurociencias, premiada por la Fundaci\u00f3n Banco Sabadell<\/a><\/li>\n<li><a href=\"https:\/\/comunicacion.umh.es\/2020\/07\/06\/participacion-en-un-proyecto-financiado-por-el-instituto-de-salud-carlos-iii-para-detectar-anticuerpos-del-covid19-en-mascotas-y-linces\/\" target=\"_blank\" rel=\"noopener noreferrer\">Participaci\u00f3n en un proyecto financiado por el Instituto de Salud Carlos III para detectar anticuerpos del Covid19 en mascotas y linces<\/a><\/li>\n<li><a href=\"https:\/\/comunicacion.umh.es\/2020\/06\/25\/el-sistema-inmune-participa-en-las-alteraciones-cerebrales-que-provocan-la-adiccion-al-alcohol-segun-el-instituto-de-neurociencias\/\" target=\"_blank\" rel=\"noopener noreferrer\">El sistema inmune participa en las alteraciones cerebrales que provocan la adicci\u00f3n al alcohol, seg\u00fan el Instituto de Neurociencias<\/a><\/li>\n<li><a href=\"https:\/\/comunicacion.umh.es\/2020\/02\/24\/la-investigadora-del-instituto-de-neurociencias-angela-nieto-premio-nacional-santiago-ramon-y-cajal-de-biologia\/\" target=\"_blank\" rel=\"noopener noreferrer\">La investigadora del Instituto de Neurociencias UMH-CSIC \u00c1ngela Nieto, Premio Nacional Santiago Ram\u00f3n y Cajal de Biolog\u00eda<\/a><\/li>\n<li><a href=\"https:\/\/comunicacion.umh.es\/2020\/07\/07\/la-investigadora-del-instituto-de-neurociencias-isabel-adrados-dirige-un-proyecto-para-frenar-el-cancer-infantil-antes-de-que-surja\/\" target=\"_blank\" rel=\"noopener noreferrer\">La investigadora del Instituto de Neurociencias Isabel Adrados dirige un proyecto para frenar el c\u00e1ncer infantil antes de que surja<\/a><\/li>\n<li><a href=\"https:\/\/comunicacion.umh.es\/2020\/11\/06\/investigadores-de-la-umh-participan-en-el-descubrimiento-de-una-mutacion-genetica-que-puede-provocar-alzheimer\/\" target=\"_blank\" rel=\"noopener noreferrer\">Investigadores de la UMH participan en el descubrimiento de una mutaci\u00f3n gen\u00e9tica que puede provocar Alzheimer<\/a><\/li>\n<\/ul>\n<\/li>\n<\/ul>\n<p>[\/et_pb_text][\/et_pb_column][et_pb_column type=&#8221;1_4&#8243; _builder_version=&#8221;4.16&#8243; global_colors_info=&#8221;{}&#8221; theme_builder_area=&#8221;post_content&#8221;][et_pb_image src=&#8221;https:\/\/rri.umh.es\/files\/2024\/09\/imagenes_rri1_Pagina_2.png&#8221; alt=&#8221;Informaci\u00f3n Indicadores RRI&#8221; title_text=&#8221;Informaci\u00f3n Indicadores RRI&#8221; url=&#8221;https:\/\/rri.umh.es\/indicadores-rri\/&#8221; admin_label=&#8221;menu rri&#8221; _builder_version=&#8221;4.17.4&#8243; _module_preset=&#8221;default&#8221; custom_margin=&#8221;||16px|||&#8221; global_colors_info=&#8221;{}&#8221; theme_builder_area=&#8221;post_content&#8221;][\/et_pb_image][et_pb_image src=&#8221;https:\/\/rri.umh.es\/files\/2024\/09\/imagenes_rri1_Pagina_1.png&#8221; alt=&#8221;\u00c9tica e Integridad en la Investigaci\u00f3n&#8221; title_text=&#8221;\u00c9tica e Integridad en la Investigaci\u00f3n&#8221; url=&#8221;https:\/\/rri.umh.es\/etica-integridad-investigacion\/&#8221; admin_label=&#8221;menu etica&#8221; _builder_version=&#8221;4.17.4&#8243; _module_preset=&#8221;default&#8221; custom_margin=&#8221;-5px||11px|||&#8221; global_colors_info=&#8221;{}&#8221; theme_builder_area=&#8221;post_content&#8221;][\/et_pb_image][et_pb_image src=&#8221;https:\/\/rri.umh.es\/files\/2024\/09\/imagenes_rri1_Pagina_3.png&#8221; alt=&#8221;C\u00f3digo de Buenas Pr\u00e1cticas Cient\u00edficas&#8221; title_text=&#8221;C\u00f3digo de Buenas Pr\u00e1cticas Cient\u00edficas&#8221; url=&#8221;https:\/\/rri.umh.es\/codigo-de-buenas-practicas-cientificas\/&#8221; admin_label=&#8221;menu cbpc&#8221; _builder_version=&#8221;4.17.4&#8243; _module_preset=&#8221;default&#8221; custom_margin=&#8221;12px||13px|||&#8221; global_colors_info=&#8221;{}&#8221; theme_builder_area=&#8221;post_content&#8221;][\/et_pb_image][et_pb_image src=&#8221;https:\/\/rri.umh.es\/files\/2024\/09\/imagenes_rri1_Pagina_4.png&#8221; alt=&#8221;Acuerdo de transparencia sobre el uso de animales en investigaci\u00f3n&#8221; title_text=&#8221;Acuerdo de transparencia sobre el uso de animales en investigaci\u00f3n&#8221; url=&#8221;https:\/\/rri.umh.es\/acuerdo-transparencia-uso-animales-investigacion\/&#8221; admin_label=&#8221;menu transparencia&#8221; _builder_version=&#8221;4.17.4&#8243; _module_preset=&#8221;default&#8221; custom_margin=&#8221;||13px|||&#8221; global_colors_info=&#8221;{}&#8221; theme_builder_area=&#8221;post_content&#8221;][\/et_pb_image][et_pb_button button_url=&#8221;https:\/\/rri.umh.es\/&#8221; button_text=&#8221;Volver a Inicio&#8221; admin_label=&#8221;Bot\u00f3n inicio&#8221; _builder_version=&#8221;4.17.4&#8243; _module_preset=&#8221;default&#8221; global_colors_info=&#8221;{}&#8221; theme_builder_area=&#8221;post_content&#8221;][\/et_pb_button][\/et_pb_column][\/et_pb_row][\/et_pb_section]<\/p>\n","protected":false},"excerpt":{"rendered":"<p>Actividades de divulgaci\u00f3n, formaci\u00f3n y promoci\u00f3n de las 3R en 2020 &nbsp; Programas R de Responsable: Primer programa: Del animalario a las residencias de ancianos, la crisis de la COVID-19 <iframe  id=\"_ytid_60652\"  width=\"800\" height=\"450\"  data-origwidth=\"800\" data-origheight=\"450\" src=\"https:\/\/www.youtube.com\/embed\/rh1tK-rhjBA?enablejsapi=1&autoplay=0&cc_load_policy=0&cc_lang_pref=&iv_load_policy=1&loop=0&modestbranding=0&rel=1&fs=1&playsinline=0&autohide=2&theme=dark&color=red&controls=1&\" class=\"__youtube_prefs__  no-lazyload\" title=\"YouTube player\"  allow=\"accelerometer; autoplay; clipboard-write; encrypted-media; gyroscope; picture-in-picture\" allowfullscreen data-no-lazy=\"1\" data-skipgform_ajax_framebjll=\"\"><\/iframe> Informe de transparencia: Uso de animales con fines cient\u00edficos en la UMH en el a\u00f1o 2020 Establecimiento de una Gu\u00eda para realizar los [&hellip;]<\/p>\n","protected":false},"author":5126,"featured_media":0,"parent":8929,"menu_order":0,"comment_status":"closed","ping_status":"closed","template":"","meta":{"_et_pb_use_builder":"on","_et_pb_old_content":"","_et_gb_content_width":"","_links_to":"","_links_to_target":""},"_links":{"self":[{"href":"https:\/\/rri.umh.es\/en\/wp-json\/wp\/v2\/pages\/10279"}],"collection":[{"href":"https:\/\/rri.umh.es\/en\/wp-json\/wp\/v2\/pages"}],"about":[{"href":"https:\/\/rri.umh.es\/en\/wp-json\/wp\/v2\/types\/page"}],"author":[{"embeddable":true,"href":"https:\/\/rri.umh.es\/en\/wp-json\/wp\/v2\/users\/5126"}],"replies":[{"embeddable":true,"href":"https:\/\/rri.umh.es\/en\/wp-json\/wp\/v2\/comments?post=10279"}],"version-history":[{"count":0,"href":"https:\/\/rri.umh.es\/en\/wp-json\/wp\/v2\/pages\/10279\/revisions"}],"up":[{"embeddable":true,"href":"https:\/\/rri.umh.es\/en\/wp-json\/wp\/v2\/pages\/8929"}],"wp:attachment":[{"href":"https:\/\/rri.umh.es\/en\/wp-json\/wp\/v2\/media?parent=10279"}],"curies":[{"name":"wp","href":"https:\/\/api.w.org\/{rel}","templated":true}]}}