{"id":8078,"date":"2020-11-09T12:19:39","date_gmt":"2020-11-09T11:19:39","guid":{"rendered":"http:\/\/transparente.zeus.umh.es\/?page_id=8078"},"modified":"2025-04-04T11:27:42","modified_gmt":"2025-04-04T09:27:42","slug":"etica-integridad-investigacion","status":"publish","type":"page","link":"https:\/\/rri.umh.es\/en\/etica-integridad-investigacion\/","title":{"rendered":"<span lang=\"es\">(Espa\u00f1ol) \u00c9tica e Integridad en la Investigaci\u00f3n<\/span>"},"content":{"rendered":"<p>[et_pb_section fb_built=&#8221;1&#8243; fullwidth=&#8221;on&#8221; _builder_version=&#8221;4.17.4&#8243; background_image=&#8221;https:\/\/rri.umh.es\/files\/2024\/09\/BANNER-WEB-DE-TRANSPARENCIA-1024&#215;91-1.png&#8221; global_colors_info=&#8221;{}&#8221;][et_pb_fullwidth_image src=&#8221;https:\/\/rri.umh.es\/files\/2025\/01\/Untitled-5-2.png&#8221; alt=&#8221;Universidad Miguel Hern\u00e1ndez Web de Transparencia Universitaria&#8221; title_text=&#8221;Untitled (5) (2)&#8221; admin_label=&#8221;banner&#8221; _builder_version=&#8221;4.17.4&#8243; global_colors_info=&#8221;{}&#8221;][\/et_pb_fullwidth_image][\/et_pb_section][et_pb_section fb_built=&#8221;1&#8243; _builder_version=&#8221;4.17.4&#8243; custom_padding=&#8221;22px|||||&#8221; global_colors_info=&#8221;{}&#8221;][et_pb_row _builder_version=&#8221;4.16&#8243; global_colors_info=&#8221;{}&#8221;][et_pb_column type=&#8221;4_4&#8243; _builder_version=&#8221;4.16&#8243; global_colors_info=&#8221;{}&#8221;][et_pb_text admin_label=&#8221;Titulo&#8221; _builder_version=&#8221;4.17.4&#8243; custom_padding=&#8221;8px|8px|8px|8px|false|false&#8221; border_width_all=&#8221;5px&#8221; border_color_all=&#8221;#a8c7f9&#8243; global_colors_info=&#8221;{}&#8221;]<\/p>\n<h1 align=\"center\"><strong>\u00c9tica e Integridad <span style=\"color: #006fe1\">en la Investigaci\u00f3n<\/span><\/strong><\/h1>\n<p>[\/et_pb_text][\/et_pb_column][\/et_pb_row][et_pb_row column_structure=&#8221;3_4,1_4&#8243; _builder_version=&#8221;4.16&#8243; global_colors_info=&#8221;{}&#8221;][et_pb_column type=&#8221;3_4&#8243; _builder_version=&#8221;4.16&#8243; global_colors_info=&#8221;{}&#8221;][et_pb_accordion admin_label=&#8221;Acorde\u00f3n&#8221; _builder_version=&#8221;4.17.4&#8243; toggle_text_color=&#8221;#000000&#8243; toggle_level=&#8221;h4&#8243; toggle_font=&#8221;|700|||||||&#8221; hover_enabled=&#8221;0&#8243; global_colors_info=&#8221;{}&#8221; toggle_text_color__hover_enabled=&#8221;on|hover&#8221; toggle_text_color__hover=&#8221;#000000&#8243; sticky_enabled=&#8221;0&#8243;][et_pb_accordion_item title=&#8221;COIR&#8221; open=&#8221;on&#8221; _builder_version=&#8221;4.17.4&#8243; background_color=&#8221;#ffffff&#8221; background_enable_color=&#8221;on&#8221; global_colors_info=&#8221;{}&#8221;]<\/p>\n<p>Para solicitar la evaluaci\u00f3n \u00e9tico legal COIR (C\u00f3digo de Investigaci\u00f3n Responsable) de su actividad de investigaci\u00f3n deber\u00e1 dirigirse a:<\/p>\n<ul>\n<li style=\"list-style-type: none\">\n<ul>\n<li><a href=\"https:\/\/oir.umh.es\/solicitud-de-evaluacion\/proyectos-de-investigacion\/\" target=\"_blank\" rel=\"noopener\">Proyectos de investigaci\u00f3n (dirige a la web de la OIR en una pesta\u00f1a nueva)<\/a>.<\/li>\n<li><a href=\"https:\/\/oir.umh.es\/solicitud-de-evaluacion\/doctorado\/\" target=\"_blank\" rel=\"noopener\">Tesis doctorales (dirige a la web de la OIR en una pesta\u00f1a nueva).<\/a><\/li>\n<li><a href=\"https:\/\/oir.umh.es\/solicitud-de-evaluacion\/tfg-tfm\/\" target=\"_blank\" rel=\"noopener\">Trabajos Fin de Grado y Trabajos Fin de M\u00e1ster (dirige a la web de la OIR en una pesta\u00f1a nueva).\u00a0<\/a><\/li>\n<\/ul>\n<\/li>\n<\/ul>\n<p>[\/et_pb_accordion_item][et_pb_accordion_item title=&#8221;Comit\u00e9 de \u00c9tica e Integridad en la Investigaci\u00f3n&#8221; _builder_version=&#8221;4.17.4&#8243; background_color=&#8221;#ffffff&#8221; background_enable_color=&#8221;on&#8221; global_colors_info=&#8221;{}&#8221; open=&#8221;off&#8221;]<\/p>\n<ul>\n<li><a href=\"https:\/\/rri.umh.es\/files\/2024\/12\/boumh-rs-429_2020-cogo-not-acuer-consejo-de-gobierno-modificacion-reglamento-comite-de-etica-vr-investigacin.pdf\" target=\"_blank\" rel=\"attachment noopener wp-att-9970\"><strong>Reglamento del Comit\u00e9 de \u00c9tica e Integridad en la Investigaci\u00f3n<\/strong> (CEII) de la Universidad Miguel Hern\u00e1ndez (abre en ventana nueva)<\/a><\/li>\n<li><a href=\"https:\/\/rri.umh.es\/files\/2024\/12\/boumh-rs-429_2020-cogo-not-acuer-consejo-de-gobierno-modificacion-reglamento-comite-de-etica-vr-investigacin.pdf\" target=\"_blank\" rel=\"noopener\"><strong>Composici\u00f3n de las personas miembros del CEII<\/strong> de la Universidad Miguel Hern\u00e1ndez (abre en ventana nueva)<\/a><\/li>\n<li><a href=\"https:\/\/rri.umh.es\/files\/2024\/12\/RR_00259_2024_composicion_oeba.pdf\" target=\"_blank\" rel=\"noopener\"><strong>Composici\u00f3n de las personas miembros del \u00d3rgano Encargado del Bienestar Animal (OEBA)<\/strong>\u00a0de la Universidad Miguel Hern\u00e1ndez (abre en ventana nueva)<\/a><\/li>\n<\/ul>\n<p>[\/et_pb_accordion_item][et_pb_accordion_item title=&#8221;Resultados de la OIR&#8221; _builder_version=&#8221;4.17.4&#8243; background_color=&#8221;#FFFFFF&#8221; background_enable_color=&#8221;on&#8221; hover_enabled=&#8221;0&#8243; global_colors_info=&#8221;{}&#8221; open=&#8221;off&#8221; sticky_enabled=&#8221;0&#8243;]<\/p>\n<p style=\"text-align: justify\">A continuaci\u00f3n se muestra de forma desglosada por a\u00f1os las <strong>actividades de investigaci\u00f3n solicitadas a la Oficina de Investigaci\u00f3n Responsable (OIR)<\/strong>, tanto de proyectos, tesis doctorales, como de trabajos fin de grado y fin de m\u00e1ster. Los datos se organizan por trimestres y aparece detallado el tipo de implicaci\u00f3n \u00e9tico-legal de las actividades, as\u00ed como la cantidad de actividades autorizadas o evaluadas en el Comit\u00e9 de \u00c9tica e Integridad en la Investigaci\u00f3n.<\/p>\n<ul>\n<li><a href=\"https:\/\/rri.umh.es\/resultados-2025\/\" target=\"_blank\" rel=\"noopener\">A\u00f1o 2025 (abre en pesta\u00f1a nueva)<\/a><\/li>\n<li><a href=\"https:\/\/rri.umh.es\/resultados-2024\/\" target=\"_blank\" rel=\"noopener\">A\u00f1o 2024 (abre en pesta\u00f1a nueva)<\/a><\/li>\n<li><a href=\"https:\/\/rri.umh.es\/etica-integridad-investigacion\/resultados-2023\/\" target=\"_blank\" rel=\"noopener\">A\u00f1o 2023 (abre en pesta\u00f1a nueva)<\/a><\/li>\n<li><a href=\"https:\/\/rri.umh.es\/etica-integridad-investigacion\/resultados-2022\/\" target=\"_blank\" rel=\"noopener\">A\u00f1o 2022 (abre en pesta\u00f1a nueva)<\/a><\/li>\n<li><a href=\"https:\/\/rri.umh.es\/etica-integridad-investigacion\/resultados-2021\/\" target=\"_blank\" rel=\"noopener\">A\u00f1o 2021 (abre en pesta\u00f1a nueva)<\/a><\/li>\n<\/ul>\n<p style=\"padding-left: 40px\">[\/et_pb_accordion_item][et_pb_accordion_item title=&#8221;Transparencia en las actividades de investigaci\u00f3n autorizadas&#8221; _builder_version=&#8221;4.17.4&#8243; background_color=&#8221;#ffffff&#8221; background_enable_color=&#8221;on&#8221; global_colors_info=&#8221;{}&#8221; open=&#8221;off&#8221;]<\/p>\n<p style=\"text-align: justify\">En el repositorio de las <a href=\"https:\/\/oir-rri.shinyapps.io\/Repositorio-actividades-de-investigacion-y-transferencia\/\" target=\"_blank\" rel=\"noopener\"><strong>Actividades de Investigaci\u00f3n y Transferencia autorizadas<\/strong> (abre nueva ventana)<\/a> se encuentran <strong>todas las actividades de investigaci\u00f3n<\/strong> (proyectos, tesis doctorales y trabajos fin de grado y fin de m\u00e1ster) autorizadas en la UMH por la Oficina de Investigaci\u00f3n Responsable (OIR) o el Comit\u00e9 de \u00c9tica e Integridad en la Investigaci\u00f3n (CEII) desde el a\u00f1o 2020.<\/p>\n<p>Tambi\u00e9n existe un repositorio p\u00fablico individual para cada tipo de actividad de investigaci\u00f3n:\u00a0<\/p>\n<ul>\n<li>Repositorio de los <a href=\"https:\/\/oir-rri.shinyapps.io\/repositorio_proyectos_autorizados\/\" target=\"_blank\" rel=\"noopener\"><strong>Proyectos de investigaci\u00f3n<\/strong> (abre nueva ventana)<\/a><\/li>\n<li>Repositorio de las <a href=\"https:\/\/oir-rri.shinyapps.io\/Repositorio_tesis_autorizadas\/\" target=\"_blank\" rel=\"noopener\"><strong>Tesis doctorales<\/strong> (abre nueva ventana)<\/a><\/li>\n<li>Repositorio de los <a href=\"https:\/\/oir-rri.shinyapps.io\/Repositorio_TFGTFM_autorizados\/\" target=\"_blank\" rel=\"noopener\"><strong>Trabajos fin de Grado y Trabajos Fin de M\u00e1ster<\/strong> (abre nueva ventana)<\/a>\n<\/li>\n<\/ul>\n<p>[\/et_pb_accordion_item][\/et_pb_accordion][\/et_pb_column][et_pb_column type=&#8221;1_4&#8243; _builder_version=&#8221;4.16&#8243; global_colors_info=&#8221;{}&#8221;][et_pb_image src=&#8221;https:\/\/rri.umh.es\/files\/2024\/09\/imagenes_rri1_Pagina_2.png&#8221; alt=&#8221;Informaci\u00f3n Indicadores RRI&#8221; title_text=&#8221;Informaci\u00f3n Indicadores RRI&#8221; url=&#8221;https:\/\/rri.umh.es\/indicadores-rri\/&#8221; _builder_version=&#8221;4.17.4&#8243; _module_preset=&#8221;default&#8221; custom_margin=&#8221;||16px|||&#8221; global_colors_info=&#8221;{}&#8221;][\/et_pb_image][et_pb_image src=&#8221;https:\/\/rri.umh.es\/files\/2024\/09\/imagenes_rri1_Pagina_1.png&#8221; alt=&#8221;\u00c9tica e Integridad en la Investigaci\u00f3n&#8221; title_text=&#8221;\u00c9tica e Integridad en la Investigaci\u00f3n&#8221; url=&#8221;https:\/\/rri.umh.es\/etica-integridad-investigacion\/&#8221; _builder_version=&#8221;4.17.4&#8243; _module_preset=&#8221;default&#8221; custom_margin=&#8221;-5px||11px|||&#8221; global_colors_info=&#8221;{}&#8221;][\/et_pb_image][et_pb_image src=&#8221;https:\/\/rri.umh.es\/files\/2024\/09\/imagenes_rri1_Pagina_3.png&#8221; alt=&#8221;C\u00f3digo de Buenas Pr\u00e1cticas Cient\u00edficas&#8221; title_text=&#8221;C\u00f3digo de Buenas Pr\u00e1cticas Cient\u00edficas&#8221; url=&#8221;https:\/\/rri.umh.es\/codigo-de-buenas-practicas-cientificas\/&#8221; _builder_version=&#8221;4.17.4&#8243; _module_preset=&#8221;default&#8221; custom_margin=&#8221;12px||13px|||&#8221; global_colors_info=&#8221;{}&#8221;][\/et_pb_image][et_pb_image src=&#8221;https:\/\/rri.umh.es\/files\/2024\/09\/imagenes_rri1_Pagina_4.png&#8221; alt=&#8221;Acuerdo de transparencia sobre el uso de animales en investigaci\u00f3n&#8221; title_text=&#8221;Acuerdo de transparencia sobre el uso de animales en investigaci\u00f3n&#8221; url=&#8221;https:\/\/rri.umh.es\/acuerdo-transparencia-uso-animales-investigacion\/&#8221; _builder_version=&#8221;4.17.4&#8243; _module_preset=&#8221;default&#8221; custom_margin=&#8221;||13px|||&#8221; global_colors_info=&#8221;{}&#8221;][\/et_pb_image][et_pb_button button_url=&#8221;https:\/\/rri.umh.es\/&#8221; button_text=&#8221;Volver a Inicio&#8221; _builder_version=&#8221;4.17.4&#8243; _module_preset=&#8221;default&#8221; global_colors_info=&#8221;{}&#8221;][\/et_pb_button][\/et_pb_column][\/et_pb_row][\/et_pb_section][et_pb_section fb_built=&#8221;1&#8243; _builder_version=&#8221;4.17.4&#8243; _module_preset=&#8221;default&#8221; global_colors_info=&#8221;{}&#8221;][\/et_pb_section]<\/p>\n","protected":false},"excerpt":{"rendered":"<p>\u00c9tica e Integridad en la Investigaci\u00f3nPara solicitar la evaluaci\u00f3n \u00e9tico legal COIR (C\u00f3digo de Investigaci\u00f3n Responsable) de su actividad de investigaci\u00f3n deber\u00e1 dirigirse a: Proyectos de investigaci\u00f3n (dirige a la web de la OIR en una pesta\u00f1a nueva). Tesis doctorales (dirige a la web de la OIR en una pesta\u00f1a nueva). Trabajos Fin de Grado [&hellip;]<\/p>\n","protected":false},"author":1159,"featured_media":0,"parent":0,"menu_order":0,"comment_status":"closed","ping_status":"closed","template":"","meta":{"_et_pb_use_builder":"on","_et_pb_old_content":"","_et_gb_content_width":"","_links_to":"","_links_to_target":""},"_links":{"self":[{"href":"https:\/\/rri.umh.es\/en\/wp-json\/wp\/v2\/pages\/8078"}],"collection":[{"href":"https:\/\/rri.umh.es\/en\/wp-json\/wp\/v2\/pages"}],"about":[{"href":"https:\/\/rri.umh.es\/en\/wp-json\/wp\/v2\/types\/page"}],"author":[{"embeddable":true,"href":"https:\/\/rri.umh.es\/en\/wp-json\/wp\/v2\/users\/1159"}],"replies":[{"embeddable":true,"href":"https:\/\/rri.umh.es\/en\/wp-json\/wp\/v2\/comments?post=8078"}],"version-history":[{"count":0,"href":"https:\/\/rri.umh.es\/en\/wp-json\/wp\/v2\/pages\/8078\/revisions"}],"wp:attachment":[{"href":"https:\/\/rri.umh.es\/en\/wp-json\/wp\/v2\/media?parent=8078"}],"curies":[{"name":"wp","href":"https:\/\/api.w.org\/{rel}","templated":true}]}}