{"id":9846,"date":"2024-09-24T14:43:51","date_gmt":"2024-09-24T12:43:51","guid":{"rendered":"https:\/\/rri.umh.es\/?page_id=9846"},"modified":"2025-01-30T13:51:10","modified_gmt":"2025-01-30T12:51:10","slug":"codigo-de-buenas-practicas-cientificas","status":"publish","type":"page","link":"https:\/\/rri.umh.es\/en\/codigo-de-buenas-practicas-cientificas\/","title":{"rendered":"<span lang=\"es\">(Espa\u00f1ol) C\u00f3digo de Buenas Pr\u00e1cticas Cientificas<\/span>"},"content":{"rendered":"<p>[et_pb_section fb_built=&#8221;1&#8243; fullwidth=&#8221;on&#8221; admin_label=&#8221;Encabezado&#8221; _builder_version=&#8221;4.16&#8243; global_colors_info=&#8221;{}&#8221;][et_pb_fullwidth_image src=&#8221;https:\/\/rri.umh.es\/files\/2025\/01\/Untitled-5-2.png&#8221; alt=&#8221;Universidad Miguel Hern\u00e1ndez Web de Transparencia Universitaria&#8221; title_text=&#8221;Untitled (5) (2)&#8221; url=&#8221;https:\/\/transparencia.umh.es&#8221; admin_label=&#8221;banner&#8221; _builder_version=&#8221;4.17.4&#8243; hover_enabled=&#8221;0&#8243; global_colors_info=&#8221;{}&#8221; sticky_enabled=&#8221;0&#8243;][\/et_pb_fullwidth_image][\/et_pb_section][et_pb_section fb_built=&#8221;1&#8243; admin_label=&#8221;C\u00f3digo de Buenas Pr\u00e1cticas Cient\u00edficas&#8221; _builder_version=&#8221;4.16&#8243; width=&#8221;100%&#8221; global_colors_info=&#8221;{}&#8221;][et_pb_row _builder_version=&#8221;4.17.4&#8243; _module_preset=&#8221;default&#8221; global_colors_info=&#8221;{}&#8221;][et_pb_column type=&#8221;4_4&#8243; _builder_version=&#8221;4.17.4&#8243; _module_preset=&#8221;default&#8221; global_colors_info=&#8221;{}&#8221;][et_pb_text admin_label=&#8221;Titulo&#8221; _builder_version=&#8221;4.17.4&#8243; _module_preset=&#8221;default&#8221; text_font=&#8221;|700|||||||&#8221; text_text_color=&#8221;#ff2d5f&#8221; text_orientation=&#8221;center&#8221; custom_margin=&#8221;3px||||false|false&#8221; custom_padding=&#8221;8px||||false|false&#8221; border_radii=&#8221;on|2px|2px|2px|2px&#8221; border_width_all=&#8221;4px&#8221; border_color_all=&#8221;#fbacbb&#8221; global_colors_info=&#8221;{}&#8221; text_text_color__hover_enabled=&#8221;on|desktop&#8221; text_text_color__hover=&#8221;#ff2d5f&#8221;]<\/p>\n<h1><strong>C\u00f3digo de <span style=\"color: #ff2d5f\">Buenas Pr\u00e1cticas Cient\u00edficas<\/span><\/strong><\/h1>\n<p>[\/et_pb_text][\/et_pb_column][\/et_pb_row][et_pb_row column_structure=&#8221;3_4,1_4&#8243; _builder_version=&#8221;4.16&#8243; global_colors_info=&#8221;{}&#8221;][et_pb_column type=&#8221;3_4&#8243; _builder_version=&#8221;4.16&#8243; global_colors_info=&#8221;{}&#8221;][et_pb_text admin_label=&#8221;fecha aprobacion&#8221; _builder_version=&#8221;4.17.4&#8243; _module_preset=&#8221;default&#8221; text_line_height=&#8221;2.4em&#8221; custom_padding=&#8221;3px||||false|false&#8221; global_colors_info=&#8221;{}&#8221;]<\/p>\n<h4 style=\"text-align: justify\">El C\u00f3digo fue aprobado en Consejo Gobierno el d\u00eda 30\/09\/2020. Est\u00e1 disponible tanto en espa\u00f1ol como en ingl\u00e9s. Puede acceder a las dos versiones a continuaci\u00f3n:<\/h4>\n<p>[\/et_pb_text][et_pb_button button_url=&#8221;https:\/\/rri.umh.es\/files\/2024\/12\/CBPC_2020_21.pdf&#8221; url_new_window=&#8221;on&#8221; button_text=&#8221;C\u00f3digo de Buenas Pr\u00e1cticas Cient\u00edficas (versi\u00f3n en espa\u00f1ol)&#8221; admin_label=&#8221;CBPC espa\u00f1ol&#8221; _builder_version=&#8221;4.17.4&#8243; _module_preset=&#8221;default&#8221; global_colors_info=&#8221;{}&#8221;][\/et_pb_button][et_pb_button button_url=&#8221;https:\/\/rri.umh.es\/files\/2024\/12\/CBPC_2020.21-ENGLISH-VERS.pdf&#8221; url_new_window=&#8221;on&#8221; button_text=&#8221;Code of Good Scientific Practice (english version)&#8221; admin_label=&#8221;CBPC ingles&#8221; _builder_version=&#8221;4.17.4&#8243; _module_preset=&#8221;default&#8221; global_colors_info=&#8221;{}&#8221;][\/et_pb_button][\/et_pb_column][et_pb_column type=&#8221;1_4&#8243; _builder_version=&#8221;4.16&#8243; global_colors_info=&#8221;{}&#8221;][et_pb_image src=&#8221;https:\/\/rri.umh.es\/files\/2024\/09\/imagenes_rri1_Pagina_2.png&#8221; alt=&#8221;Informaci\u00f3n Indicadores RRI&#8221; title_text=&#8221;Informaci\u00f3n Indicadores RRI&#8221; url=&#8221;https:\/\/rri.umh.es\/indicadores-rri\/&#8221; admin_label=&#8221;menu rri&#8221; _builder_version=&#8221;4.17.4&#8243; _module_preset=&#8221;default&#8221; custom_margin=&#8221;||16px|||&#8221; global_colors_info=&#8221;{}&#8221;][\/et_pb_image][et_pb_image src=&#8221;https:\/\/rri.umh.es\/files\/2024\/09\/imagenes_rri1_Pagina_1.png&#8221; alt=&#8221;\u00c9tica e Integridad en la Investigaci\u00f3n&#8221; title_text=&#8221;\u00c9tica e Integridad en la Investigaci\u00f3n&#8221; url=&#8221;https:\/\/rri.umh.es\/etica-integridad-investigacion\/&#8221; admin_label=&#8221;menu etica&#8221; _builder_version=&#8221;4.17.4&#8243; _module_preset=&#8221;default&#8221; custom_margin=&#8221;-5px||11px|||&#8221; global_colors_info=&#8221;{}&#8221;][\/et_pb_image][et_pb_image src=&#8221;https:\/\/rri.umh.es\/files\/2024\/09\/imagenes_rri1_Pagina_3.png&#8221; alt=&#8221;C\u00f3digo de Buenas Pr\u00e1cticas Cient\u00edficas&#8221; title_text=&#8221;C\u00f3digo de Buenas Pr\u00e1cticas Cient\u00edficas&#8221; url=&#8221;https:\/\/rri.umh.es\/codigo-de-buenas-practicas-cientificas\/&#8221; admin_label=&#8221;menu cbpc&#8221; _builder_version=&#8221;4.17.4&#8243; _module_preset=&#8221;default&#8221; custom_margin=&#8221;12px||13px|||&#8221; global_colors_info=&#8221;{}&#8221;][\/et_pb_image][et_pb_image src=&#8221;https:\/\/rri.umh.es\/files\/2024\/09\/imagenes_rri1_Pagina_4.png&#8221; alt=&#8221;Acuerdo de transparencia sobre el uso de animales en investigaci\u00f3n&#8221; title_text=&#8221;Acuerdo de transparencia sobre el uso de animales en investigaci\u00f3n&#8221; url=&#8221;https:\/\/rri.umh.es\/acuerdo-transparencia-uso-animales-investigacion\/&#8221; admin_label=&#8221;menu transparencia&#8221; _builder_version=&#8221;4.17.4&#8243; _module_preset=&#8221;default&#8221; custom_margin=&#8221;||13px|||&#8221; global_colors_info=&#8221;{}&#8221;][\/et_pb_image][et_pb_button button_url=&#8221;https:\/\/rri.umh.es\/&#8221; button_text=&#8221;Volver a Inicio&#8221; admin_label=&#8221;Bot\u00f3n inicio&#8221; _builder_version=&#8221;4.17.4&#8243; _module_preset=&#8221;default&#8221; global_colors_info=&#8221;{}&#8221;][\/et_pb_button][\/et_pb_column][\/et_pb_row][\/et_pb_section]<\/p>\n","protected":false},"excerpt":{"rendered":"<p>C\u00f3digo de Buenas Pr\u00e1cticas Cient\u00edficasEl C\u00f3digo fue aprobado en Consejo Gobierno el d\u00eda 30\/09\/2020. Est\u00e1 disponible tanto en espa\u00f1ol como en ingl\u00e9s. Puede acceder a las dos versiones a continuaci\u00f3n:<\/p>\n","protected":false},"author":5126,"featured_media":0,"parent":0,"menu_order":0,"comment_status":"closed","ping_status":"closed","template":"","meta":{"_et_pb_use_builder":"on","_et_pb_old_content":"","_et_gb_content_width":"","_links_to":"","_links_to_target":""},"_links":{"self":[{"href":"https:\/\/rri.umh.es\/en\/wp-json\/wp\/v2\/pages\/9846"}],"collection":[{"href":"https:\/\/rri.umh.es\/en\/wp-json\/wp\/v2\/pages"}],"about":[{"href":"https:\/\/rri.umh.es\/en\/wp-json\/wp\/v2\/types\/page"}],"author":[{"embeddable":true,"href":"https:\/\/rri.umh.es\/en\/wp-json\/wp\/v2\/users\/5126"}],"replies":[{"embeddable":true,"href":"https:\/\/rri.umh.es\/en\/wp-json\/wp\/v2\/comments?post=9846"}],"version-history":[{"count":0,"href":"https:\/\/rri.umh.es\/en\/wp-json\/wp\/v2\/pages\/9846\/revisions"}],"wp:attachment":[{"href":"https:\/\/rri.umh.es\/en\/wp-json\/wp\/v2\/media?parent=9846"}],"curies":[{"name":"wp","href":"https:\/\/api.w.org\/{rel}","templated":true}]}}